{"id":30554,"date":"2026-04-30T11:34:00","date_gmt":"2026-04-30T09:34:00","guid":{"rendered":"https:\/\/forfoodies.se\/?post_type=product&#038;p=30554"},"modified":"2026-05-02T12:43:36","modified_gmt":"2026-05-02T10:43:36","slug":"ovik-smakpromenad-22-8","status":"publish","type":"product","link":"https:\/\/forfoodies.se\/en\/produkt\/ovik-smakpromenad-22-8\/","title":{"rendered":"\u00d6vik Smakpromenad 22\/8"},"content":{"rendered":"<p>Take a walk in the center of \u00d6rnsk\u00f6ldsvik and visit some of the city's nicest eateries, we will visit 5 restaurants. In each place you get a taste of something good and have the opportunity to buy any drink. Drinks are available both as non-alcoholic alternatives and, for example, wine and beer, often in small glasses.<br \/>\n<strong><br \/>\nMobile ticket<br \/>\n<\/strong>When you have bought a ticket, you will immediately receive an email from forfoodies.se with a link to your ticket. If you are missing the email, start by searching the trash. Click on the link in your mobile and you will see your ticket with info, times and how many people it applies to. If you have entered your mobile number with +46 when booking, you will also be sent an SMS with confirmation and a ticket link. You can always log in to the account you created at the time of purchase and download your ticket from there as well.<\/p>\n<p><strong>Visit the restaurants in the correct order<\/strong><br \/>\nEveryone visits the places according to predetermined routes which <strong>appear in the tickets no later than the day before the tasting walk<\/strong>. Stay as long as you want at each place but the tickets are only valid during the times of the activity so make sure to be at the last place by 15:30 at the latest so you can get your food. If you want to stay somewhere after 4 pm, ask the staff if it's ok. Are you a group that wants to get together but have made different bookings? Write us a message \u2013 <strong>no later than one week before the event<\/strong> - using our <a href=\"https:\/\/forfoodies.se\/kontakt\/\">contact form<\/a> with which activity you booked, everyone's booking reference and the name of the person who made each booking, we pair your bookings together and you get to go on the same route.<br \/>\n<strong><br \/>\nWhat is served and any dietary requirements<br \/>\n<\/strong>The taste portions vary and we hope you have a great experience on the tour! Sometimes it's something simple that can be easily eaten with your hands and sometimes it's something a little more cooked. If you want a vegetarian tasting portion, ask the staff, most offer a vegetarian option. Unfortunately, we cannot guarantee that all places adapt the food on the tasting walks to different allergies, but ask when you are there and it can be arranged.<\/p>\n<p><strong>Many guests in the same group?<\/strong><br \/>\nWe cannot guarantee that everyone in the party can sit together in all places. This applies regardless of whether you have booked a joint ticket or if you have separate tickets. The restaurants will do their utmost to accommodate your wishes, but unfortunately it is not possible to \"book\" a table or otherwise get a guarantee to sit together.<\/p>","protected":false},"excerpt":{"rendered":"<p><strong>Food walk with five stops at various eateries in central \u00d6rnsk\u00f6ldsvik.<\/strong><\/p>","protected":false},"featured_media":15788,"template":"","meta":{"_acf_changed":false,"_et_pb_use_builder":"","_et_pb_old_content":"","_et_gb_content_width":""},"product_brand":[],"product_cat":[84],"product_tag":[111,86,159,85,89],"ort":[161],"class_list":{"0":"post-30554","1":"product","2":"type-product","3":"status-publish","4":"has-post-thumbnail","6":"product_cat-mat","7":"product_tag-forfoodies","8":"product_tag-matpromenad","9":"product_tag-ornskoldsvik","10":"product_tag-smakpromenad","11":"product_tag-smakupplevelse","12":"ort-ornskoldsvik","14":"first","15":"instock","16":"downloadable","17":"virtual","18":"taxable","19":"purchasable","20":"product-type-simple"},"acf":{"komponent":false,"eventdatum":"22 August","eventtid_fran":"12:00","eventtid_till":"16:00","kontaktperson":[{"ID":1042,"post_author":"2","post_date":"2020-09-23 16:20:09","post_date_gmt":"2020-09-23 14:20:09","post_content":"","post_title":"Anna H\u00e5llsten","post_excerpt":"","post_status":"publish","comment_status":"closed","ping_status":"closed","post_password":"","post_name":"anna-hallsten","to_ping":"","pinged":"","post_modified":"2023-03-30 11:49:32","post_modified_gmt":"2023-03-30 09:49:32","post_content_filtered":"","post_parent":0,"guid":"https:\/\/forfoodies.se\/?post_type=kontaktperson&#038;p=1042","menu_order":0,"post_type":"kontaktperson","post_mime_type":"","comment_count":"0","filter":"raw"}],"video":"https:\/\/forfoodies.se\/wp-content\/uploads\/Smakpromenad-fulla\u0308ngd.mp4","videobild":"https:\/\/forfoodies.se\/wp-content\/uploads\/poster-1-scaled.jpg","text_till_biljett":"<p><strong>Detta \u00e4r din biljett, v\u00e4lkommen till \u00d6vik Smakpromenad!<\/strong><br \/>\nH\u00e4r ser du turordningen mellan restaurangerna, den visas senast dagen f\u00f6re smakpromenaden. Viktigt att ni f\u00f6ljer turordningen eftersom vi gjort f\u00f6rdelningen i olika grupper s\u00e5 att alla ska f\u00e5 sittplats!<br \/>\n-B\u00f6rja smakpromenaden p\u00e5 \u00f6versta st\u00e4llet och f\u00f6lj raden ned\u00e5t<br \/>\n-Varje ruta \u00e4r klickbar, visa den f\u00f6r personalen s\u00e5 bockar de av den och du f\u00e5r din smakportion<br \/>\n-Stanna s\u00e5 l\u00e4nge du vill p\u00e5 varje st\u00e4lle men observera att senast kl 16 \u00e4r smakpromenaden slut och d\u00e5 m\u00e5ste du l\u00e4mna restaurangen om inte personalen ger ok p\u00e5 att sitta kvar<\/p>\n<p>Ha en god tur och tagga oss g\u00e4rna om du publicerar n\u00e5got i sociala medier! @forfoodies.se #\u00f6viksmakpromenad<\/p>\n","dold_produkt":false,"hide_button_and_stock":false,"omrostning":true},"yoast_head":"<!-- This site is optimized with the Yoast SEO plugin v27.5 - https:\/\/yoast.com\/product\/yoast-seo-wordpress\/ -->\n<title>\u00d6vik Smakpromenad 22\/8 - forfoodies.se<\/title>\n<meta name=\"description\" content=\"F\u00f6lj med p\u00e5 en promenad mellan n\u00e5gra av \u00d6rnsk\u00f6ldsviks b\u00e4sta matst\u00e4llen. Vid varje stopp bjuds p\u00e5 ett smakprov innan det b\u00e4r vidare till n\u00e4sta st\u00e4lle. Drycker finns att k\u00f6pa till. Ett v\u00e4ldigt trevligt s\u00e4tt att uppt\u00e4cka nya smaker och nya st\u00e4llen!\" \/>\n<meta name=\"robots\" content=\"index, follow, max-snippet:-1, max-image-preview:large, max-video-preview:-1\" \/>\n<link rel=\"canonical\" href=\"https:\/\/forfoodies.se\/en\/product\/ovik-smakpromenad-22-8\/\" \/>\n<meta property=\"og:locale\" content=\"en_GB\" \/>\n<meta property=\"og:type\" content=\"article\" \/>\n<meta property=\"og:title\" content=\"\u00d6vik Smakpromenad\" \/>\n<meta property=\"og:description\" content=\"En trevlig smakupplevelse i \u00d6rnsk\u00f6ldsviks centrum d\u00e4r du g\u00e5r en promenad mellan fem olika restauranger och f\u00e5r smaka n\u00e5got gott p\u00e5 varje st\u00e4lle.\" \/>\n<meta property=\"og:url\" content=\"https:\/\/forfoodies.se\/en\/product\/ovik-smakpromenad-22-8\/\" \/>\n<meta property=\"og:site_name\" content=\"forfoodies.se\" \/>\n<meta property=\"article:publisher\" content=\"https:\/\/www.facebook.com\/forfoodies.se\/\" \/>\n<meta property=\"article:modified_time\" content=\"2026-05-02T10:43:36+00:00\" \/>\n<meta property=\"og:image\" content=\"https:\/\/forfoodies.se\/wp-content\/uploads\/Umea-Smakpromenad-Harlequin.jpg\" \/>\n\t<meta property=\"og:image:width\" content=\"1614\" \/>\n\t<meta property=\"og:image:height\" content=\"1074\" \/>\n\t<meta property=\"og:image:type\" content=\"image\/jpeg\" \/>\n<meta name=\"twitter:card\" content=\"summary_large_image\" \/>\n<meta name=\"twitter:label1\" content=\"Estimated reading time\" \/>\n\t<meta name=\"twitter:data1\" content=\"3 minutes\" \/>\n<script type=\"application\/ld+json\" class=\"yoast-schema-graph\">{\"@context\":\"https:\\\/\\\/schema.org\",\"@graph\":[{\"@type\":\"WebPage\",\"@id\":\"https:\\\/\\\/forfoodies.se\\\/produkt\\\/ovik-smakpromenad-22-8\\\/\",\"url\":\"https:\\\/\\\/forfoodies.se\\\/produkt\\\/ovik-smakpromenad-22-8\\\/\",\"name\":\"\u00d6vik Smakpromenad 22\\\/8 - forfoodies.se\",\"isPartOf\":{\"@id\":\"https:\\\/\\\/forfoodies.se\\\/en\\\/#website\"},\"primaryImageOfPage\":{\"@id\":\"https:\\\/\\\/forfoodies.se\\\/produkt\\\/ovik-smakpromenad-22-8\\\/#primaryimage\"},\"image\":{\"@id\":\"https:\\\/\\\/forfoodies.se\\\/produkt\\\/ovik-smakpromenad-22-8\\\/#primaryimage\"},\"thumbnailUrl\":\"https:\\\/\\\/forfoodies.se\\\/wp-content\\\/uploads\\\/Umea-Smakpromenad-Harlequin.jpg\",\"datePublished\":\"2026-04-30T09:34:00+00:00\",\"dateModified\":\"2026-05-02T10:43:36+00:00\",\"description\":\"F\u00f6lj med p\u00e5 en promenad mellan n\u00e5gra av \u00d6rnsk\u00f6ldsviks b\u00e4sta matst\u00e4llen. Vid varje stopp bjuds p\u00e5 ett smakprov innan det b\u00e4r vidare till n\u00e4sta st\u00e4lle. Drycker finns att k\u00f6pa till. Ett v\u00e4ldigt trevligt s\u00e4tt att uppt\u00e4cka nya smaker och nya st\u00e4llen!\",\"breadcrumb\":{\"@id\":\"https:\\\/\\\/forfoodies.se\\\/produkt\\\/ovik-smakpromenad-22-8\\\/#breadcrumb\"},\"inLanguage\":\"en-GB\",\"potentialAction\":[{\"@type\":\"ReadAction\",\"target\":[\"https:\\\/\\\/forfoodies.se\\\/produkt\\\/ovik-smakpromenad-22-8\\\/\"]}]},{\"@type\":\"ImageObject\",\"inLanguage\":\"en-GB\",\"@id\":\"https:\\\/\\\/forfoodies.se\\\/produkt\\\/ovik-smakpromenad-22-8\\\/#primaryimage\",\"url\":\"https:\\\/\\\/forfoodies.se\\\/wp-content\\\/uploads\\\/Umea-Smakpromenad-Harlequin.jpg\",\"contentUrl\":\"https:\\\/\\\/forfoodies.se\\\/wp-content\\\/uploads\\\/Umea-Smakpromenad-Harlequin.jpg\",\"width\":1614,\"height\":1074},{\"@type\":\"BreadcrumbList\",\"@id\":\"https:\\\/\\\/forfoodies.se\\\/produkt\\\/ovik-smakpromenad-22-8\\\/#breadcrumb\",\"itemListElement\":[{\"@type\":\"ListItem\",\"position\":1,\"name\":\"Hem\",\"item\":\"https:\\\/\\\/forfoodies.se\\\/\"},{\"@type\":\"ListItem\",\"position\":2,\"name\":\"V\u00e5ra events\",\"item\":\"https:\\\/\\\/forfoodies.se\\\/events\\\/\"},{\"@type\":\"ListItem\",\"position\":3,\"name\":\"\u00d6vik Smakpromenad 22\\\/8\"}]},{\"@type\":\"WebSite\",\"@id\":\"https:\\\/\\\/forfoodies.se\\\/en\\\/#website\",\"url\":\"https:\\\/\\\/forfoodies.se\\\/en\\\/\",\"name\":\"forfoodies.se\",\"description\":\"\",\"publisher\":{\"@id\":\"https:\\\/\\\/forfoodies.se\\\/en\\\/#organization\"},\"potentialAction\":[{\"@type\":\"SearchAction\",\"target\":{\"@type\":\"EntryPoint\",\"urlTemplate\":\"https:\\\/\\\/forfoodies.se\\\/en\\\/?s={search_term_string}\"},\"query-input\":{\"@type\":\"PropertyValueSpecification\",\"valueRequired\":true,\"valueName\":\"search_term_string\"}}],\"inLanguage\":\"en-GB\"},{\"@type\":\"Organization\",\"@id\":\"https:\\\/\\\/forfoodies.se\\\/en\\\/#organization\",\"name\":\"Forfoodies.se\",\"url\":\"https:\\\/\\\/forfoodies.se\\\/en\\\/\",\"logo\":{\"@type\":\"ImageObject\",\"inLanguage\":\"en-GB\",\"@id\":\"https:\\\/\\\/forfoodies.se\\\/en\\\/#\\\/schema\\\/logo\\\/image\\\/\",\"url\":\"https:\\\/\\\/forfoodies.se\\\/wp-content\\\/uploads\\\/ForFoodies_green.png\",\"contentUrl\":\"https:\\\/\\\/forfoodies.se\\\/wp-content\\\/uploads\\\/ForFoodies_green.png\",\"width\":114,\"height\":108,\"caption\":\"Forfoodies.se\"},\"image\":{\"@id\":\"https:\\\/\\\/forfoodies.se\\\/en\\\/#\\\/schema\\\/logo\\\/image\\\/\"},\"sameAs\":[\"https:\\\/\\\/www.facebook.com\\\/forfoodies.se\\\/\",\"https:\\\/\\\/www.instagram.com\\\/forfoodies.se\\\/\"]}]}<\/script>\n<!-- \/ Yoast SEO plugin. -->","yoast_head_json":{"title":"\u00d6vik Smakpromenad 22\/8 - forfoodies.se","description":"Join us on a walk between some of \u00d6rnsk\u00f6ldsvik's best eateries. At each stop you are offered a taste before moving on to the next place. Drinks are available for purchase. A very nice way to discover new flavors and new places!","robots":{"index":"index","follow":"follow","max-snippet":"max-snippet:-1","max-image-preview":"max-image-preview:large","max-video-preview":"max-video-preview:-1"},"canonical":"https:\/\/forfoodies.se\/en\/product\/ovik-smakpromenad-22-8\/","og_locale":"en_GB","og_type":"article","og_title":"\u00d6vik Smakpromenad","og_description":"En trevlig smakupplevelse i \u00d6rnsk\u00f6ldsviks centrum d\u00e4r du g\u00e5r en promenad mellan fem olika restauranger och f\u00e5r smaka n\u00e5got gott p\u00e5 varje st\u00e4lle.","og_url":"https:\/\/forfoodies.se\/en\/product\/ovik-smakpromenad-22-8\/","og_site_name":"forfoodies.se","article_publisher":"https:\/\/www.facebook.com\/forfoodies.se\/","article_modified_time":"2026-05-02T10:43:36+00:00","og_image":[{"width":1614,"height":1074,"url":"https:\/\/forfoodies.se\/wp-content\/uploads\/Umea-Smakpromenad-Harlequin.jpg","type":"image\/jpeg"}],"twitter_card":"summary_large_image","twitter_misc":{"Estimated reading time":"3 minutes"},"schema":{"@context":"https:\/\/schema.org","@graph":[{"@type":"WebPage","@id":"https:\/\/forfoodies.se\/produkt\/ovik-smakpromenad-22-8\/","url":"https:\/\/forfoodies.se\/produkt\/ovik-smakpromenad-22-8\/","name":"\u00d6vik Smakpromenad 22\/8 - forfoodies.se","isPartOf":{"@id":"https:\/\/forfoodies.se\/en\/#website"},"primaryImageOfPage":{"@id":"https:\/\/forfoodies.se\/produkt\/ovik-smakpromenad-22-8\/#primaryimage"},"image":{"@id":"https:\/\/forfoodies.se\/produkt\/ovik-smakpromenad-22-8\/#primaryimage"},"thumbnailUrl":"https:\/\/forfoodies.se\/wp-content\/uploads\/Umea-Smakpromenad-Harlequin.jpg","datePublished":"2026-04-30T09:34:00+00:00","dateModified":"2026-05-02T10:43:36+00:00","description":"Join us on a walk between some of \u00d6rnsk\u00f6ldsvik's best eateries. At each stop you are offered a taste before moving on to the next place. Drinks are available for purchase. A very nice way to discover new flavors and new places!","breadcrumb":{"@id":"https:\/\/forfoodies.se\/produkt\/ovik-smakpromenad-22-8\/#breadcrumb"},"inLanguage":"en-GB","potentialAction":[{"@type":"ReadAction","target":["https:\/\/forfoodies.se\/produkt\/ovik-smakpromenad-22-8\/"]}]},{"@type":"ImageObject","inLanguage":"en-GB","@id":"https:\/\/forfoodies.se\/produkt\/ovik-smakpromenad-22-8\/#primaryimage","url":"https:\/\/forfoodies.se\/wp-content\/uploads\/Umea-Smakpromenad-Harlequin.jpg","contentUrl":"https:\/\/forfoodies.se\/wp-content\/uploads\/Umea-Smakpromenad-Harlequin.jpg","width":1614,"height":1074},{"@type":"BreadcrumbList","@id":"https:\/\/forfoodies.se\/produkt\/ovik-smakpromenad-22-8\/#breadcrumb","itemListElement":[{"@type":"ListItem","position":1,"name":"Hem","item":"https:\/\/forfoodies.se\/"},{"@type":"ListItem","position":2,"name":"V\u00e5ra events","item":"https:\/\/forfoodies.se\/events\/"},{"@type":"ListItem","position":3,"name":"\u00d6vik Smakpromenad 22\/8"}]},{"@type":"WebSite","@id":"https:\/\/forfoodies.se\/en\/#website","url":"https:\/\/forfoodies.se\/en\/","name":"forfoodies.se","description":"","publisher":{"@id":"https:\/\/forfoodies.se\/en\/#organization"},"potentialAction":[{"@type":"SearchAction","target":{"@type":"EntryPoint","urlTemplate":"https:\/\/forfoodies.se\/en\/?s={search_term_string}"},"query-input":{"@type":"PropertyValueSpecification","valueRequired":true,"valueName":"search_term_string"}}],"inLanguage":"en-GB"},{"@type":"Organization","@id":"https:\/\/forfoodies.se\/en\/#organization","name":"Forfoodies.se","url":"https:\/\/forfoodies.se\/en\/","logo":{"@type":"ImageObject","inLanguage":"en-GB","@id":"https:\/\/forfoodies.se\/en\/#\/schema\/logo\/image\/","url":"https:\/\/forfoodies.se\/wp-content\/uploads\/ForFoodies_green.png","contentUrl":"https:\/\/forfoodies.se\/wp-content\/uploads\/ForFoodies_green.png","width":114,"height":108,"caption":"Forfoodies.se"},"image":{"@id":"https:\/\/forfoodies.se\/en\/#\/schema\/logo\/image\/"},"sameAs":["https:\/\/www.facebook.com\/forfoodies.se\/","https:\/\/www.instagram.com\/forfoodies.se\/"]}]}},"_links":{"self":[{"href":"https:\/\/forfoodies.se\/en\/wp-json\/wp\/v2\/product\/30554","targetHints":{"allow":["GET"]}}],"collection":[{"href":"https:\/\/forfoodies.se\/en\/wp-json\/wp\/v2\/product"}],"about":[{"href":"https:\/\/forfoodies.se\/en\/wp-json\/wp\/v2\/types\/product"}],"wp:featuredmedia":[{"embeddable":true,"href":"https:\/\/forfoodies.se\/en\/wp-json\/wp\/v2\/media\/15788"}],"wp:attachment":[{"href":"https:\/\/forfoodies.se\/en\/wp-json\/wp\/v2\/media?parent=30554"}],"wp:term":[{"taxonomy":"product_brand","embeddable":true,"href":"https:\/\/forfoodies.se\/en\/wp-json\/wp\/v2\/product_brand?post=30554"},{"taxonomy":"product_cat","embeddable":true,"href":"https:\/\/forfoodies.se\/en\/wp-json\/wp\/v2\/product_cat?post=30554"},{"taxonomy":"product_tag","embeddable":true,"href":"https:\/\/forfoodies.se\/en\/wp-json\/wp\/v2\/product_tag?post=30554"},{"taxonomy":"ort","embeddable":true,"href":"https:\/\/forfoodies.se\/en\/wp-json\/wp\/v2\/ort?post=30554"}],"curies":[{"name":"wp","href":"https:\/\/api.w.org\/{rel}","templated":true}]}}