{"id":30553,"date":"2026-04-30T11:35:10","date_gmt":"2026-04-30T09:35:10","guid":{"rendered":"https:\/\/forfoodies.se\/?post_type=product&#038;p=30553"},"modified":"2026-04-30T11:35:11","modified_gmt":"2026-04-30T09:35:11","slug":"umea-smakpromenad-17-10","status":"publish","type":"product","link":"https:\/\/forfoodies.se\/en\/produkt\/umea-smakpromenad-17-10\/","title":{"rendered":"Ume\u00e5 Smakpromenad 17\/10"},"content":{"rendered":"<p>Take a walk in the center of Ume\u00e5 and visit some of the city's nicest eateries. We make five stops. At each place you get a taste of something delicious and have the opportunity to buy a drink of your choice. Drinks are available as non-alcoholic options and, for example, wine and beer, often by the glass. We walk at a reasonable pace and have about 30 minutes to eat at each place, but sometimes it takes a little longer and sometimes it goes faster. All restaurants are within walking distance of each other in the center of Ume\u00e5 and it takes a maximum of 15 minutes to walk from one place to another, often faster. All stops are shown in the mobile ticket no later than the day before the activity and you will also see the order of the tour and the places marked on a map. Below you will see some practical information that is good to keep track of:<\/p>\n<p><strong>Mobile ticket<\/strong><br \/>\nWhen you have bought a ticket, you will immediately receive an email from forfoodies.se with a link to your ticket. If you click on the link on your mobile, you will see your ticket with info, times and how many people it applies to. There you will also see the three restaurants with a coupon for each that the staff marks as used when you have received your tasting portion. <strong>If you don't get a ticket, start by looking in the junk folder.<\/strong> If you entered your mobile number with +46 when booking, you will also be sent an SMS with confirmation and a ticket link. You will also receive an email with a receipt for the payment from Payson\/Svea Bank and an invoice if you chose that payment option - but it does not count as a ticket. If you have lost your ticket or thrown away the email with the confirmation, it is also among your orders if you log in to your account at forfoodies.se\u00a0<strong><br \/>\n<\/strong><\/p>\n<p><strong>Schedule and times<\/strong><br \/>\nYou visit each place according to a predetermined order that you see in your ticket at the latest <strong>the day before<\/strong> the event. You decide how long you stay at each place, but the tickets are only valid for the duration of the walk. <strong>Please note that the last course is therefore served at 15:30.<\/strong> If you want to stay in a restaurant after 4 pm, ask the staff if it is possible in view of the evening's bookings. Are you a group that wants to get together but have made different bookings? Fill out the form on our <a href=\"https:\/\/forfoodies.se\/kontakt\/\">contact page<\/a> with desired information <strong>no later than one week before the event<\/strong>, and we adapt your routes to each other. We cannot guarantee that requests that come in later will be fulfilled, but in that case the order of turn on the ticket applies.<br \/>\n<strong><br \/>\nWhat we eat and possible dietary requirements<br \/>\n<\/strong>The food varies and we hope you have a great experience on the tour! Sometimes it's something simple that can be eaten with your hands and sometimes it's something more cooked. If you want a vegetarian option, ask the staff, most places offer a vegetarian option. Unfortunately, we cannot guarantee that it is possible to adapt the taste portions to different allergies or other dietary requirements, but ask when you are there if the restaurant can adapt the dish and they will do it if they can.<\/p>\n<p><strong>Many guests in the same group?<\/strong><br \/>\nUnfortunately, we cannot promise that everyone can sit at a common table if you are a larger group, this applies regardless of whether you have a joint ticket or book separate tickets. But of course the restaurant does what they can to place you as close to each other as possible! See also above how you can get a common route and the same turn order if you want to join another group.<\/p>","protected":false},"excerpt":{"rendered":"<p><strong>Taste walk with stops at various eateries in central Ume\u00e5.<\/strong><\/p>","protected":false},"featured_media":10855,"template":"","meta":{"_acf_changed":false,"_et_pb_use_builder":"","_et_pb_old_content":"","_et_gb_content_width":""},"product_brand":[],"product_cat":[84],"product_tag":[111,86,85,89,164,166,165],"ort":[160],"class_list":{"0":"post-30553","1":"product","2":"type-product","3":"status-publish","4":"has-post-thumbnail","6":"product_cat-mat","7":"product_tag-forfoodies","8":"product_tag-matpromenad","9":"product_tag-smakpromenad","10":"product_tag-smakupplevelse","11":"product_tag-umea","12":"product_tag-umeasmakpromenad","13":"product_tag-visitumea","14":"ort-umea","16":"first","17":"instock","18":"downloadable","19":"virtual","20":"taxable","21":"purchasable","22":"product-type-simple"},"acf":{"komponent":false,"eventdatum":"17 October","eventtid_fran":"12:00","eventtid_till":"16:00","kontaktperson":[{"ID":1042,"post_author":"2","post_date":"2020-09-23 16:20:09","post_date_gmt":"2020-09-23 14:20:09","post_content":"","post_title":"Anna H\u00e5llsten","post_excerpt":"","post_status":"publish","comment_status":"closed","ping_status":"closed","post_password":"","post_name":"anna-hallsten","to_ping":"","pinged":"","post_modified":"2023-03-30 11:49:32","post_modified_gmt":"2023-03-30 09:49:32","post_content_filtered":"","post_parent":0,"guid":"https:\/\/forfoodies.se\/?post_type=kontaktperson&#038;p=1042","menu_order":0,"post_type":"kontaktperson","post_mime_type":"","comment_count":"0","filter":"raw"}],"video":"https:\/\/forfoodies.se\/wp-content\/uploads\/Smakpromenad-fulla\u0308ngd.mp4","videobild":"https:\/\/forfoodies.se\/wp-content\/uploads\/poster-1-scaled.jpg","text_till_biljett":"<p><strong>Det h\u00e4r \u00e4r din biljett, v\u00e4lkommen till Ume\u00e5 Smakpromenad!<\/strong><br \/>\nH\u00e4r kommer du se turordningen mellan restaurangerna, den visas senast dagen f\u00f6re<br \/>\n-B\u00f6rja smakpromenaden p\u00e5 \u00f6versta st\u00e4llet och f\u00f6lj raden ned\u00e5t<br \/>\n-Varje ruta \u00e4r klickbar, visa den f\u00f6r personalen s\u00e5 bockar de av den och du f\u00e5r din smakportion<br \/>\n-Stanna s\u00e5 l\u00e4nge du vill p\u00e5 varje st\u00e4lle men observera att sista r\u00e4tten serveras kl 15:30 och det \u00e4r ok att sitta kvar p\u00e5 restaurangerna till kl 16.<\/p>\n<p>Ha en god tur och tagga oss g\u00e4rna om du publicerar n\u00e5got i sociala medier! @forfoodies.se #ume\u00e5smakpromenad<\/p>\n","dold_produkt":false,"hide_button_and_stock":false,"omrostning":true},"yoast_head":"<!-- This site is optimized with the Yoast SEO plugin v27.5 - https:\/\/yoast.com\/product\/yoast-seo-wordpress\/ -->\n<title>Ume\u00e5 Smakpromenad 17\/10 - forfoodies.se<\/title>\n<meta name=\"description\" content=\"Smakpromenad mellan n\u00e5gra av Ume\u00e5s trevligaste matst\u00e4llen. Vid varje stopp serveras ett smakprov p\u00e5 n\u00e5got gott, drycker erbjuds att k\u00f6pa till och finns oftast p\u00e5 halvglas. Ett kul s\u00e4tt att uppt\u00e4cka nya smaker och nya st\u00e4llen!\" \/>\n<meta name=\"robots\" content=\"index, follow, max-snippet:-1, max-image-preview:large, max-video-preview:-1\" \/>\n<link rel=\"canonical\" href=\"https:\/\/forfoodies.se\/en\/product\/umea-smakpromenad-17-10\/\" \/>\n<meta property=\"og:locale\" content=\"en_GB\" \/>\n<meta property=\"og:type\" content=\"article\" \/>\n<meta property=\"og:title\" content=\"Ume\u00e5 Smakpromenad, uppt\u00e4ck Ume\u00e5s trevligaste restauranger tillsammans med andra matintresserade!\" \/>\n<meta property=\"og:description\" content=\"Ume\u00e5 Smakpromenad, en v\u00e4ldigt trevlig smakupplevelse! Vi promenerar mellan n\u00e5gra av Ume\u00e5s trevligaste restauranger, f\u00e5r ett smakprov fr\u00e5n menyn p\u00e5 varje st\u00e4lle och njuter av god mat och dryck tillsammans med andra matintresserade.\" \/>\n<meta property=\"og:url\" content=\"https:\/\/forfoodies.se\/en\/product\/umea-smakpromenad-17-10\/\" \/>\n<meta property=\"og:site_name\" content=\"forfoodies.se\" \/>\n<meta property=\"article:publisher\" content=\"https:\/\/www.facebook.com\/forfoodies.se\/\" \/>\n<meta property=\"article:modified_time\" content=\"2026-04-30T09:35:11+00:00\" \/>\n<meta property=\"og:image\" content=\"https:\/\/forfoodies.se\/wp-content\/uploads\/DSCF5410-1600pxl.jpg\" \/>\n\t<meta property=\"og:image:width\" content=\"2400\" \/>\n\t<meta property=\"og:image:height\" content=\"1600\" \/>\n\t<meta property=\"og:image:type\" content=\"image\/jpeg\" \/>\n<meta name=\"twitter:card\" content=\"summary_large_image\" \/>\n<meta name=\"twitter:label1\" content=\"Estimated reading time\" \/>\n\t<meta name=\"twitter:data1\" content=\"3 minutes\" \/>\n<script type=\"application\/ld+json\" class=\"yoast-schema-graph\">{\"@context\":\"https:\\\/\\\/schema.org\",\"@graph\":[{\"@type\":\"WebPage\",\"@id\":\"https:\\\/\\\/forfoodies.se\\\/produkt\\\/umea-smakpromenad-17-10\\\/\",\"url\":\"https:\\\/\\\/forfoodies.se\\\/produkt\\\/umea-smakpromenad-17-10\\\/\",\"name\":\"Ume\u00e5 Smakpromenad 17\\\/10 - forfoodies.se\",\"isPartOf\":{\"@id\":\"https:\\\/\\\/forfoodies.se\\\/en\\\/#website\"},\"primaryImageOfPage\":{\"@id\":\"https:\\\/\\\/forfoodies.se\\\/produkt\\\/umea-smakpromenad-17-10\\\/#primaryimage\"},\"image\":{\"@id\":\"https:\\\/\\\/forfoodies.se\\\/produkt\\\/umea-smakpromenad-17-10\\\/#primaryimage\"},\"thumbnailUrl\":\"https:\\\/\\\/forfoodies.se\\\/wp-content\\\/uploads\\\/DSCF5410-1600pxl-1.jpg\",\"datePublished\":\"2026-04-30T09:35:10+00:00\",\"dateModified\":\"2026-04-30T09:35:11+00:00\",\"description\":\"Smakpromenad mellan n\u00e5gra av Ume\u00e5s trevligaste matst\u00e4llen. Vid varje stopp serveras ett smakprov p\u00e5 n\u00e5got gott, drycker erbjuds att k\u00f6pa till och finns oftast p\u00e5 halvglas. Ett kul s\u00e4tt att uppt\u00e4cka nya smaker och nya st\u00e4llen!\",\"breadcrumb\":{\"@id\":\"https:\\\/\\\/forfoodies.se\\\/produkt\\\/umea-smakpromenad-17-10\\\/#breadcrumb\"},\"inLanguage\":\"en-GB\",\"potentialAction\":[{\"@type\":\"ReadAction\",\"target\":[\"https:\\\/\\\/forfoodies.se\\\/produkt\\\/umea-smakpromenad-17-10\\\/\"]}]},{\"@type\":\"ImageObject\",\"inLanguage\":\"en-GB\",\"@id\":\"https:\\\/\\\/forfoodies.se\\\/produkt\\\/umea-smakpromenad-17-10\\\/#primaryimage\",\"url\":\"https:\\\/\\\/forfoodies.se\\\/wp-content\\\/uploads\\\/DSCF5410-1600pxl-1.jpg\",\"contentUrl\":\"https:\\\/\\\/forfoodies.se\\\/wp-content\\\/uploads\\\/DSCF5410-1600pxl-1.jpg\",\"width\":2400,\"height\":1600},{\"@type\":\"BreadcrumbList\",\"@id\":\"https:\\\/\\\/forfoodies.se\\\/produkt\\\/umea-smakpromenad-17-10\\\/#breadcrumb\",\"itemListElement\":[{\"@type\":\"ListItem\",\"position\":1,\"name\":\"Hem\",\"item\":\"https:\\\/\\\/forfoodies.se\\\/\"},{\"@type\":\"ListItem\",\"position\":2,\"name\":\"V\u00e5ra events\",\"item\":\"https:\\\/\\\/forfoodies.se\\\/events\\\/\"},{\"@type\":\"ListItem\",\"position\":3,\"name\":\"Ume\u00e5 Smakpromenad 17\\\/10\"}]},{\"@type\":\"WebSite\",\"@id\":\"https:\\\/\\\/forfoodies.se\\\/en\\\/#website\",\"url\":\"https:\\\/\\\/forfoodies.se\\\/en\\\/\",\"name\":\"forfoodies.se\",\"description\":\"\",\"publisher\":{\"@id\":\"https:\\\/\\\/forfoodies.se\\\/en\\\/#organization\"},\"potentialAction\":[{\"@type\":\"SearchAction\",\"target\":{\"@type\":\"EntryPoint\",\"urlTemplate\":\"https:\\\/\\\/forfoodies.se\\\/en\\\/?s={search_term_string}\"},\"query-input\":{\"@type\":\"PropertyValueSpecification\",\"valueRequired\":true,\"valueName\":\"search_term_string\"}}],\"inLanguage\":\"en-GB\"},{\"@type\":\"Organization\",\"@id\":\"https:\\\/\\\/forfoodies.se\\\/en\\\/#organization\",\"name\":\"Forfoodies.se\",\"url\":\"https:\\\/\\\/forfoodies.se\\\/en\\\/\",\"logo\":{\"@type\":\"ImageObject\",\"inLanguage\":\"en-GB\",\"@id\":\"https:\\\/\\\/forfoodies.se\\\/en\\\/#\\\/schema\\\/logo\\\/image\\\/\",\"url\":\"https:\\\/\\\/forfoodies.se\\\/wp-content\\\/uploads\\\/ForFoodies_green.png\",\"contentUrl\":\"https:\\\/\\\/forfoodies.se\\\/wp-content\\\/uploads\\\/ForFoodies_green.png\",\"width\":114,\"height\":108,\"caption\":\"Forfoodies.se\"},\"image\":{\"@id\":\"https:\\\/\\\/forfoodies.se\\\/en\\\/#\\\/schema\\\/logo\\\/image\\\/\"},\"sameAs\":[\"https:\\\/\\\/www.facebook.com\\\/forfoodies.se\\\/\",\"https:\\\/\\\/www.instagram.com\\\/forfoodies.se\\\/\"]}]}<\/script>\n<!-- \/ Yoast SEO plugin. -->","yoast_head_json":{"title":"Ume\u00e5 Smakpromenad 17\/10 - forfoodies.se","description":"A walk between some of Ume\u00e5's nicest eateries. At each stop, a taste of something delicious is served, drinks are offered for purchase and are usually available by the half glass. A fun way to discover new flavors and new places!","robots":{"index":"index","follow":"follow","max-snippet":"max-snippet:-1","max-image-preview":"max-image-preview:large","max-video-preview":"max-video-preview:-1"},"canonical":"https:\/\/forfoodies.se\/en\/product\/umea-smakpromenad-17-10\/","og_locale":"en_GB","og_type":"article","og_title":"Ume\u00e5 Smakpromenad, uppt\u00e4ck Ume\u00e5s trevligaste restauranger tillsammans med andra matintresserade!","og_description":"Ume\u00e5 Smakpromenad, en v\u00e4ldigt trevlig smakupplevelse! Vi promenerar mellan n\u00e5gra av Ume\u00e5s trevligaste restauranger, f\u00e5r ett smakprov fr\u00e5n menyn p\u00e5 varje st\u00e4lle och njuter av god mat och dryck tillsammans med andra matintresserade.","og_url":"https:\/\/forfoodies.se\/en\/product\/umea-smakpromenad-17-10\/","og_site_name":"forfoodies.se","article_publisher":"https:\/\/www.facebook.com\/forfoodies.se\/","article_modified_time":"2026-04-30T09:35:11+00:00","og_image":[{"width":2400,"height":1600,"url":"https:\/\/forfoodies.se\/wp-content\/uploads\/DSCF5410-1600pxl.jpg","type":"image\/jpeg"}],"twitter_card":"summary_large_image","twitter_misc":{"Estimated reading time":"3 minutes"},"schema":{"@context":"https:\/\/schema.org","@graph":[{"@type":"WebPage","@id":"https:\/\/forfoodies.se\/produkt\/umea-smakpromenad-17-10\/","url":"https:\/\/forfoodies.se\/produkt\/umea-smakpromenad-17-10\/","name":"Ume\u00e5 Smakpromenad 17\/10 - forfoodies.se","isPartOf":{"@id":"https:\/\/forfoodies.se\/en\/#website"},"primaryImageOfPage":{"@id":"https:\/\/forfoodies.se\/produkt\/umea-smakpromenad-17-10\/#primaryimage"},"image":{"@id":"https:\/\/forfoodies.se\/produkt\/umea-smakpromenad-17-10\/#primaryimage"},"thumbnailUrl":"https:\/\/forfoodies.se\/wp-content\/uploads\/DSCF5410-1600pxl-1.jpg","datePublished":"2026-04-30T09:35:10+00:00","dateModified":"2026-04-30T09:35:11+00:00","description":"A walk between some of Ume\u00e5's nicest eateries. At each stop, a taste of something delicious is served, drinks are offered for purchase and are usually available by the half glass. A fun way to discover new flavors and new places!","breadcrumb":{"@id":"https:\/\/forfoodies.se\/produkt\/umea-smakpromenad-17-10\/#breadcrumb"},"inLanguage":"en-GB","potentialAction":[{"@type":"ReadAction","target":["https:\/\/forfoodies.se\/produkt\/umea-smakpromenad-17-10\/"]}]},{"@type":"ImageObject","inLanguage":"en-GB","@id":"https:\/\/forfoodies.se\/produkt\/umea-smakpromenad-17-10\/#primaryimage","url":"https:\/\/forfoodies.se\/wp-content\/uploads\/DSCF5410-1600pxl-1.jpg","contentUrl":"https:\/\/forfoodies.se\/wp-content\/uploads\/DSCF5410-1600pxl-1.jpg","width":2400,"height":1600},{"@type":"BreadcrumbList","@id":"https:\/\/forfoodies.se\/produkt\/umea-smakpromenad-17-10\/#breadcrumb","itemListElement":[{"@type":"ListItem","position":1,"name":"Hem","item":"https:\/\/forfoodies.se\/"},{"@type":"ListItem","position":2,"name":"V\u00e5ra events","item":"https:\/\/forfoodies.se\/events\/"},{"@type":"ListItem","position":3,"name":"Ume\u00e5 Smakpromenad 17\/10"}]},{"@type":"WebSite","@id":"https:\/\/forfoodies.se\/en\/#website","url":"https:\/\/forfoodies.se\/en\/","name":"forfoodies.se","description":"","publisher":{"@id":"https:\/\/forfoodies.se\/en\/#organization"},"potentialAction":[{"@type":"SearchAction","target":{"@type":"EntryPoint","urlTemplate":"https:\/\/forfoodies.se\/en\/?s={search_term_string}"},"query-input":{"@type":"PropertyValueSpecification","valueRequired":true,"valueName":"search_term_string"}}],"inLanguage":"en-GB"},{"@type":"Organization","@id":"https:\/\/forfoodies.se\/en\/#organization","name":"Forfoodies.se","url":"https:\/\/forfoodies.se\/en\/","logo":{"@type":"ImageObject","inLanguage":"en-GB","@id":"https:\/\/forfoodies.se\/en\/#\/schema\/logo\/image\/","url":"https:\/\/forfoodies.se\/wp-content\/uploads\/ForFoodies_green.png","contentUrl":"https:\/\/forfoodies.se\/wp-content\/uploads\/ForFoodies_green.png","width":114,"height":108,"caption":"Forfoodies.se"},"image":{"@id":"https:\/\/forfoodies.se\/en\/#\/schema\/logo\/image\/"},"sameAs":["https:\/\/www.facebook.com\/forfoodies.se\/","https:\/\/www.instagram.com\/forfoodies.se\/"]}]}},"_links":{"self":[{"href":"https:\/\/forfoodies.se\/en\/wp-json\/wp\/v2\/product\/30553","targetHints":{"allow":["GET"]}}],"collection":[{"href":"https:\/\/forfoodies.se\/en\/wp-json\/wp\/v2\/product"}],"about":[{"href":"https:\/\/forfoodies.se\/en\/wp-json\/wp\/v2\/types\/product"}],"wp:featuredmedia":[{"embeddable":true,"href":"https:\/\/forfoodies.se\/en\/wp-json\/wp\/v2\/media\/10855"}],"wp:attachment":[{"href":"https:\/\/forfoodies.se\/en\/wp-json\/wp\/v2\/media?parent=30553"}],"wp:term":[{"taxonomy":"product_brand","embeddable":true,"href":"https:\/\/forfoodies.se\/en\/wp-json\/wp\/v2\/product_brand?post=30553"},{"taxonomy":"product_cat","embeddable":true,"href":"https:\/\/forfoodies.se\/en\/wp-json\/wp\/v2\/product_cat?post=30553"},{"taxonomy":"product_tag","embeddable":true,"href":"https:\/\/forfoodies.se\/en\/wp-json\/wp\/v2\/product_tag?post=30553"},{"taxonomy":"ort","embeddable":true,"href":"https:\/\/forfoodies.se\/en\/wp-json\/wp\/v2\/ort?post=30553"}],"curies":[{"name":"wp","href":"https:\/\/api.w.org\/{rel}","templated":true}]}}