{"id":30426,"date":"2026-04-22T14:51:38","date_gmt":"2026-04-22T12:51:38","guid":{"rendered":"https:\/\/forfoodies.se\/?post_type=product&#038;p=30426"},"modified":"2026-04-22T14:51:40","modified_gmt":"2026-04-22T12:51:40","slug":"cocktailkurs-och-rabiff-hos-tonka-20-5","status":"publish","type":"product","link":"https:\/\/forfoodies.se\/en\/produkt\/cocktailkurs-och-rabiff-hos-tonka-20-5\/","title":{"rendered":"Cocktailkurs och r\u00e5biff hos Tonka 20\/5"},"content":{"rendered":"<p>F\u00f6rra g\u00e5ngen blev j\u00e4ttelyckad s\u00e5 vi k\u00f6r en kv\u00e4ll till!<br \/>\nDet h\u00e4r \u00e4r en aktivitet f\u00f6r alla som \u00e4lskar goda cocktails och r\u00e5biff! Vi kommer blanda tre olika cocktails och \u00e4ta tre olika r\u00e5biffar som matchar drinkarna. Vi l\u00e4r oss olika kombinationer av ingredienser, spritsorter och hur vi kan t\u00e4nka n\u00e4r vi kombinerar mat med dryck. Vi f\u00e5r handgripligen testa att blanda cocktails som vi njuter med en r\u00e5biff i taget. Blir mycket snack och tips om b\u00e5de drycker och mat.<\/p>\n<p>Vi har totalt 20 platser och vi sitter tillsammans vid delade bord, det \u00e4r allts\u00e5 lika kul att komma sj\u00e4lv som att ta med en kompis! Vi uppskattar att cocktailkurs inkl att dricka\/\u00e4ta tar ca 2-2,5 timmar &#8211; men det beror lite p\u00e5 hur m\u00e5nga fr\u00e5gor som dyker upp och hur trevligt vi har det \ud83d\ude42<\/p>\n<p><strong>Ing\u00e5r i biljetten<\/strong><br \/>\nDet som ing\u00e5r i biljetten, f\u00f6rutom helhetsupplevelsen och cocktailkursen, \u00e4r tre mindre cocktails och tre mindre r\u00e5biffar inkl pommes. Du kommer bli m\u00e4tt motsvarande en varmr\u00e4tt.<\/p>\n<p><strong>Kost\u00f6nskem\u00e5l och dryck utan alkohol<\/strong><br \/>\nVill du t ex skippa alkohol och ist\u00e4llet blanda en mocktail s\u00e5 g\u00e5r det s\u00e5klart bra &#8211; men meddela oss s\u00e5 vi vet och kan planera f\u00f6r det! Vi anpassar r\u00e4tterna efter ev allergier om ni mailar oss p\u00e5: info(at)forfoodies.se <strong>at least one week<\/strong> f\u00f6re.<\/p>\n<p><strong>Mobile ticket<\/strong><br \/>\nN\u00e4r du k\u00f6pt biljett f\u00e5r du ett mail fr\u00e5n forfoodies.se med bekr\u00e4ftelse p\u00e5 bokningen och en l\u00e4nk till din biljett. <strong>If you can't find the email, start by checking the junk folder.<\/strong> Har du uppgett ditt mobilnummer med +46 vid bokningen skickas ocks\u00e5 ett sms med biljettl\u00e4nk. Hittar du inte mailet med biljettl\u00e4nken g\u00e5r det ocks\u00e5 bra att logga in p\u00e5 ditt konto hos forfoodies.se och ladda ned biljetten d\u00e4r. Biljetten visar du upp p\u00e5 restaurangen.<\/p>","protected":false},"excerpt":{"rendered":"<p><strong>Vem \u00e4lskar inte r\u00e5biff och vill l\u00e4ra sig blanda egna goda drinkar?<\/strong><\/p>","protected":false},"featured_media":30427,"template":"","meta":{"_acf_changed":false,"_et_pb_use_builder":"","_et_pb_old_content":"","_et_gb_content_width":""},"product_brand":[],"product_cat":[84],"product_tag":[297,296,293,292,295,111,172,294,171,89,164,165],"ort":[160],"class_list":{"0":"post-30426","1":"product","2":"type-product","3":"status-publish","4":"has-post-thumbnail","6":"product_cat-mat","7":"product_tag-bartender","8":"product_tag-cocktail","9":"product_tag-cocktailkurs","10":"product_tag-cocktails","11":"product_tag-drinkar","12":"product_tag-forfoodies","13":"product_tag-matevent","14":"product_tag-rabiff","15":"product_tag-smakevent","16":"product_tag-smakupplevelse","17":"product_tag-umea","18":"product_tag-visitumea","19":"ort-umea","21":"first","22":"instock","23":"downloadable","24":"virtual","25":"taxable","26":"purchasable","27":"product-type-simple"},"acf":{"komponent":[{"restaurang":[{"ID":1975,"post_author":"4","post_date":"2020-10-22 19:06:34","post_date_gmt":"2020-10-22 17:06:34","post_content":"Tonkas nya restaurang precis intill \u00e4lven. Sommartid en fantastisk uteservering och vintertid vacker utsikt \u00f6ver vattnet. H\u00e4r serveras lunch och middag. Lunchen k\u00e4nns igen fr\u00e5n systerkrogen Tonka Bistro Caf\u00e9 i MVG, kv\u00e4llarna har mer fokus p\u00e5 hela menyer \u00e4ven om det g\u00e5r att best\u00e4lla enstaka r\u00e4tter ocks\u00e5. Hit g\u00e5r man f\u00f6r utsikten, maten och den mycket trevliga personalen.","post_title":"Tonka Strandgatan","post_excerpt":"","post_status":"publish","comment_status":"closed","ping_status":"closed","post_password":"","post_name":"tonka-strandgatan","to_ping":"","pinged":"","post_modified":"2021-09-22 10:55:38","post_modified_gmt":"2021-09-22 08:55:38","post_content_filtered":"","post_parent":0,"guid":"https:\/\/forfoodies.se\/?post_type=restauranger&#038;p=1975","menu_order":0,"post_type":"restauranger","post_mime_type":"","comment_count":"0","filter":"raw"}],"utomhusrubrik":"","utomhusplats-text":"","utomhusplats":false}],"eventdatum":"20 May","eventtid_fran":"18:00","eventtid_till":"20:30","kontaktperson":[{"ID":1042,"post_author":"2","post_date":"2020-09-23 16:20:09","post_date_gmt":"2020-09-23 14:20:09","post_content":"","post_title":"Anna H\u00e5llsten","post_excerpt":"","post_status":"publish","comment_status":"closed","ping_status":"closed","post_password":"","post_name":"anna-hallsten","to_ping":"","pinged":"","post_modified":"2023-03-30 11:49:32","post_modified_gmt":"2023-03-30 09:49:32","post_content_filtered":"","post_parent":0,"guid":"https:\/\/forfoodies.se\/?post_type=kontaktperson&#038;p=1042","menu_order":0,"post_type":"kontaktperson","post_mime_type":"","comment_count":"0","filter":"raw"}],"video":false,"videobild":false,"text_till_biljett":"<p class=\"p1\"><strong>V\u00e4lkommen till cocktailkurs och r\u00e5biffkv\u00e4ll hos Tonka Strandgatan!<\/strong><\/p>\n<p>Visa upp din biljett n\u00e4r du kommer till restaurangen. Ha en trevlig kv\u00e4ll och njut av goda smaker h\u00e4lsar Anna och Anna\/forfoodies.se<\/p>\n","dold_produkt":false,"hide_button_and_stock":false,"omrostning":false},"yoast_head":"<!-- This site is optimized with the Yoast SEO plugin v27.4 - https:\/\/yoast.com\/product\/yoast-seo-wordpress\/ -->\n<title>Cocktailkurs och r\u00e5biff hos Tonka 20\/5 - forfoodies.se<\/title>\n<meta name=\"description\" content=\"Cocktailkurs och r\u00e5biffs-bonanza hos Tonka Strandgatan\" \/>\n<meta name=\"robots\" content=\"index, follow, max-snippet:-1, max-image-preview:large, max-video-preview:-1\" \/>\n<link rel=\"canonical\" href=\"https:\/\/forfoodies.se\/en\/product\/cocktailkurs-och-rabiff-hos-tonka-20-5\/\" \/>\n<meta property=\"og:locale\" content=\"en_GB\" \/>\n<meta property=\"og:type\" content=\"article\" \/>\n<meta property=\"og:title\" content=\"Cocktailkurs och r\u00e5biffskv\u00e4ll i Ume\u00e5\" \/>\n<meta property=\"og:description\" content=\"\u00c4lskar du r\u00e5biff och vill l\u00e4ra dig mer om hur du blandar cocktails s\u00e5 \u00e4r detta aktiviteten f\u00f6r dig!\" \/>\n<meta property=\"og:url\" content=\"https:\/\/forfoodies.se\/en\/product\/cocktailkurs-och-rabiff-hos-tonka-20-5\/\" \/>\n<meta property=\"og:site_name\" content=\"forfoodies.se\" \/>\n<meta property=\"article:publisher\" content=\"https:\/\/www.facebook.com\/forfoodies.se\/\" \/>\n<meta property=\"article:modified_time\" content=\"2026-04-22T12:51:40+00:00\" \/>\n<meta property=\"og:image\" content=\"https:\/\/forfoodies.se\/wp-content\/uploads\/IMG_2298.jpg\" \/>\n\t<meta property=\"og:image:width\" content=\"1620\" \/>\n\t<meta property=\"og:image:height\" content=\"1080\" \/>\n\t<meta property=\"og:image:type\" content=\"image\/jpeg\" \/>\n<meta name=\"twitter:card\" content=\"summary_large_image\" \/>\n<meta name=\"twitter:label1\" content=\"Estimated reading time\" \/>\n\t<meta name=\"twitter:data1\" content=\"2 minutes\" \/>\n<script type=\"application\/ld+json\" class=\"yoast-schema-graph\">{\"@context\":\"https:\\\/\\\/schema.org\",\"@graph\":[{\"@type\":\"WebPage\",\"@id\":\"https:\\\/\\\/forfoodies.se\\\/produkt\\\/cocktailkurs-och-rabiff-hos-tonka-20-5\\\/\",\"url\":\"https:\\\/\\\/forfoodies.se\\\/produkt\\\/cocktailkurs-och-rabiff-hos-tonka-20-5\\\/\",\"name\":\"Cocktailkurs och r\u00e5biff hos Tonka 20\\\/5 - forfoodies.se\",\"isPartOf\":{\"@id\":\"https:\\\/\\\/forfoodies.se\\\/en\\\/#website\"},\"primaryImageOfPage\":{\"@id\":\"https:\\\/\\\/forfoodies.se\\\/produkt\\\/cocktailkurs-och-rabiff-hos-tonka-20-5\\\/#primaryimage\"},\"image\":{\"@id\":\"https:\\\/\\\/forfoodies.se\\\/produkt\\\/cocktailkurs-och-rabiff-hos-tonka-20-5\\\/#primaryimage\"},\"thumbnailUrl\":\"https:\\\/\\\/forfoodies.se\\\/wp-content\\\/uploads\\\/IMG_2298.jpg\",\"datePublished\":\"2026-04-22T12:51:38+00:00\",\"dateModified\":\"2026-04-22T12:51:40+00:00\",\"description\":\"Cocktailkurs och r\u00e5biffs-bonanza hos Tonka Strandgatan\",\"breadcrumb\":{\"@id\":\"https:\\\/\\\/forfoodies.se\\\/produkt\\\/cocktailkurs-och-rabiff-hos-tonka-20-5\\\/#breadcrumb\"},\"inLanguage\":\"en-GB\",\"potentialAction\":[{\"@type\":\"ReadAction\",\"target\":[\"https:\\\/\\\/forfoodies.se\\\/produkt\\\/cocktailkurs-och-rabiff-hos-tonka-20-5\\\/\"]}]},{\"@type\":\"ImageObject\",\"inLanguage\":\"en-GB\",\"@id\":\"https:\\\/\\\/forfoodies.se\\\/produkt\\\/cocktailkurs-och-rabiff-hos-tonka-20-5\\\/#primaryimage\",\"url\":\"https:\\\/\\\/forfoodies.se\\\/wp-content\\\/uploads\\\/IMG_2298.jpg\",\"contentUrl\":\"https:\\\/\\\/forfoodies.se\\\/wp-content\\\/uploads\\\/IMG_2298.jpg\",\"width\":1620,\"height\":1080},{\"@type\":\"BreadcrumbList\",\"@id\":\"https:\\\/\\\/forfoodies.se\\\/produkt\\\/cocktailkurs-och-rabiff-hos-tonka-20-5\\\/#breadcrumb\",\"itemListElement\":[{\"@type\":\"ListItem\",\"position\":1,\"name\":\"Hem\",\"item\":\"https:\\\/\\\/forfoodies.se\\\/\"},{\"@type\":\"ListItem\",\"position\":2,\"name\":\"V\u00e5ra events\",\"item\":\"https:\\\/\\\/forfoodies.se\\\/events\\\/\"},{\"@type\":\"ListItem\",\"position\":3,\"name\":\"Cocktailkurs och r\u00e5biff hos Tonka 20\\\/5\"}]},{\"@type\":\"WebSite\",\"@id\":\"https:\\\/\\\/forfoodies.se\\\/en\\\/#website\",\"url\":\"https:\\\/\\\/forfoodies.se\\\/en\\\/\",\"name\":\"forfoodies.se\",\"description\":\"\",\"publisher\":{\"@id\":\"https:\\\/\\\/forfoodies.se\\\/en\\\/#organization\"},\"potentialAction\":[{\"@type\":\"SearchAction\",\"target\":{\"@type\":\"EntryPoint\",\"urlTemplate\":\"https:\\\/\\\/forfoodies.se\\\/en\\\/?s={search_term_string}\"},\"query-input\":{\"@type\":\"PropertyValueSpecification\",\"valueRequired\":true,\"valueName\":\"search_term_string\"}}],\"inLanguage\":\"en-GB\"},{\"@type\":\"Organization\",\"@id\":\"https:\\\/\\\/forfoodies.se\\\/en\\\/#organization\",\"name\":\"Forfoodies.se\",\"url\":\"https:\\\/\\\/forfoodies.se\\\/en\\\/\",\"logo\":{\"@type\":\"ImageObject\",\"inLanguage\":\"en-GB\",\"@id\":\"https:\\\/\\\/forfoodies.se\\\/en\\\/#\\\/schema\\\/logo\\\/image\\\/\",\"url\":\"https:\\\/\\\/forfoodies.se\\\/wp-content\\\/uploads\\\/ForFoodies_green.png\",\"contentUrl\":\"https:\\\/\\\/forfoodies.se\\\/wp-content\\\/uploads\\\/ForFoodies_green.png\",\"width\":114,\"height\":108,\"caption\":\"Forfoodies.se\"},\"image\":{\"@id\":\"https:\\\/\\\/forfoodies.se\\\/en\\\/#\\\/schema\\\/logo\\\/image\\\/\"},\"sameAs\":[\"https:\\\/\\\/www.facebook.com\\\/forfoodies.se\\\/\",\"https:\\\/\\\/www.instagram.com\\\/forfoodies.se\\\/\"]}]}<\/script>\n<!-- \/ Yoast SEO plugin. -->","yoast_head_json":{"title":"Cocktailkurs och r\u00e5biff hos Tonka 20\/5 - forfoodies.se","description":"Cocktailkurs och r\u00e5biffs-bonanza hos Tonka Strandgatan","robots":{"index":"index","follow":"follow","max-snippet":"max-snippet:-1","max-image-preview":"max-image-preview:large","max-video-preview":"max-video-preview:-1"},"canonical":"https:\/\/forfoodies.se\/en\/product\/cocktailkurs-och-rabiff-hos-tonka-20-5\/","og_locale":"en_GB","og_type":"article","og_title":"Cocktailkurs och r\u00e5biffskv\u00e4ll i Ume\u00e5","og_description":"\u00c4lskar du r\u00e5biff och vill l\u00e4ra dig mer om hur du blandar cocktails s\u00e5 \u00e4r detta aktiviteten f\u00f6r dig!","og_url":"https:\/\/forfoodies.se\/en\/product\/cocktailkurs-och-rabiff-hos-tonka-20-5\/","og_site_name":"forfoodies.se","article_publisher":"https:\/\/www.facebook.com\/forfoodies.se\/","article_modified_time":"2026-04-22T12:51:40+00:00","og_image":[{"width":1620,"height":1080,"url":"https:\/\/forfoodies.se\/wp-content\/uploads\/IMG_2298.jpg","type":"image\/jpeg"}],"twitter_card":"summary_large_image","twitter_misc":{"Estimated reading time":"2 minutes"},"schema":{"@context":"https:\/\/schema.org","@graph":[{"@type":"WebPage","@id":"https:\/\/forfoodies.se\/produkt\/cocktailkurs-och-rabiff-hos-tonka-20-5\/","url":"https:\/\/forfoodies.se\/produkt\/cocktailkurs-och-rabiff-hos-tonka-20-5\/","name":"Cocktailkurs och r\u00e5biff hos Tonka 20\/5 - forfoodies.se","isPartOf":{"@id":"https:\/\/forfoodies.se\/en\/#website"},"primaryImageOfPage":{"@id":"https:\/\/forfoodies.se\/produkt\/cocktailkurs-och-rabiff-hos-tonka-20-5\/#primaryimage"},"image":{"@id":"https:\/\/forfoodies.se\/produkt\/cocktailkurs-och-rabiff-hos-tonka-20-5\/#primaryimage"},"thumbnailUrl":"https:\/\/forfoodies.se\/wp-content\/uploads\/IMG_2298.jpg","datePublished":"2026-04-22T12:51:38+00:00","dateModified":"2026-04-22T12:51:40+00:00","description":"Cocktailkurs och r\u00e5biffs-bonanza hos Tonka Strandgatan","breadcrumb":{"@id":"https:\/\/forfoodies.se\/produkt\/cocktailkurs-och-rabiff-hos-tonka-20-5\/#breadcrumb"},"inLanguage":"en-GB","potentialAction":[{"@type":"ReadAction","target":["https:\/\/forfoodies.se\/produkt\/cocktailkurs-och-rabiff-hos-tonka-20-5\/"]}]},{"@type":"ImageObject","inLanguage":"en-GB","@id":"https:\/\/forfoodies.se\/produkt\/cocktailkurs-och-rabiff-hos-tonka-20-5\/#primaryimage","url":"https:\/\/forfoodies.se\/wp-content\/uploads\/IMG_2298.jpg","contentUrl":"https:\/\/forfoodies.se\/wp-content\/uploads\/IMG_2298.jpg","width":1620,"height":1080},{"@type":"BreadcrumbList","@id":"https:\/\/forfoodies.se\/produkt\/cocktailkurs-och-rabiff-hos-tonka-20-5\/#breadcrumb","itemListElement":[{"@type":"ListItem","position":1,"name":"Hem","item":"https:\/\/forfoodies.se\/"},{"@type":"ListItem","position":2,"name":"V\u00e5ra events","item":"https:\/\/forfoodies.se\/events\/"},{"@type":"ListItem","position":3,"name":"Cocktailkurs och r\u00e5biff hos Tonka 20\/5"}]},{"@type":"WebSite","@id":"https:\/\/forfoodies.se\/en\/#website","url":"https:\/\/forfoodies.se\/en\/","name":"forfoodies.se","description":"","publisher":{"@id":"https:\/\/forfoodies.se\/en\/#organization"},"potentialAction":[{"@type":"SearchAction","target":{"@type":"EntryPoint","urlTemplate":"https:\/\/forfoodies.se\/en\/?s={search_term_string}"},"query-input":{"@type":"PropertyValueSpecification","valueRequired":true,"valueName":"search_term_string"}}],"inLanguage":"en-GB"},{"@type":"Organization","@id":"https:\/\/forfoodies.se\/en\/#organization","name":"Forfoodies.se","url":"https:\/\/forfoodies.se\/en\/","logo":{"@type":"ImageObject","inLanguage":"en-GB","@id":"https:\/\/forfoodies.se\/en\/#\/schema\/logo\/image\/","url":"https:\/\/forfoodies.se\/wp-content\/uploads\/ForFoodies_green.png","contentUrl":"https:\/\/forfoodies.se\/wp-content\/uploads\/ForFoodies_green.png","width":114,"height":108,"caption":"Forfoodies.se"},"image":{"@id":"https:\/\/forfoodies.se\/en\/#\/schema\/logo\/image\/"},"sameAs":["https:\/\/www.facebook.com\/forfoodies.se\/","https:\/\/www.instagram.com\/forfoodies.se\/"]}]}},"_links":{"self":[{"href":"https:\/\/forfoodies.se\/en\/wp-json\/wp\/v2\/product\/30426","targetHints":{"allow":["GET"]}}],"collection":[{"href":"https:\/\/forfoodies.se\/en\/wp-json\/wp\/v2\/product"}],"about":[{"href":"https:\/\/forfoodies.se\/en\/wp-json\/wp\/v2\/types\/product"}],"wp:featuredmedia":[{"embeddable":true,"href":"https:\/\/forfoodies.se\/en\/wp-json\/wp\/v2\/media\/30427"}],"wp:attachment":[{"href":"https:\/\/forfoodies.se\/en\/wp-json\/wp\/v2\/media?parent=30426"}],"wp:term":[{"taxonomy":"product_brand","embeddable":true,"href":"https:\/\/forfoodies.se\/en\/wp-json\/wp\/v2\/product_brand?post=30426"},{"taxonomy":"product_cat","embeddable":true,"href":"https:\/\/forfoodies.se\/en\/wp-json\/wp\/v2\/product_cat?post=30426"},{"taxonomy":"product_tag","embeddable":true,"href":"https:\/\/forfoodies.se\/en\/wp-json\/wp\/v2\/product_tag?post=30426"},{"taxonomy":"ort","embeddable":true,"href":"https:\/\/forfoodies.se\/en\/wp-json\/wp\/v2\/ort?post=30426"}],"curies":[{"name":"wp","href":"https:\/\/api.w.org\/{rel}","templated":true}]}}