{"id":560,"date":"2020-09-18T09:02:35","date_gmt":"2020-09-18T07:02:35","guid":{"rendered":"https:\/\/forfoodies.se\/?page_id=560"},"modified":"2025-05-19T12:20:49","modified_gmt":"2025-05-19T10:20:49","slug":"kontakt","status":"publish","type":"page","link":"https:\/\/forfoodies.se\/en\/kontakt\/","title":{"rendered":"Contact"},"content":{"rendered":"<p>[et_pb_section fb_built=&#8221;1&#8243; _builder_version=&#8221;4.16&#8243; _module_preset=&#8221;default&#8221; global_colors_info=&#8221;{}&#8221;][et_pb_row _builder_version=&#8221;4.16&#8243; _module_preset=&#8221;default&#8221; global_colors_info=&#8221;{}&#8221;][et_pb_column type=&#8221;4_4&#8243; _builder_version=&#8221;4.16&#8243; _module_preset=&#8221;default&#8221; global_colors_info=&#8221;{}&#8221;][et_pb_image src=&#8221;https:\/\/forfoodies.se\/wp-content\/uploads\/Anna-Hallsten_Anna-Axelson-scaled.jpeg&#8221; title_text=&#8221;Anna Ha\u030allsten_Anna Axelson&#8221; _builder_version=&#8221;4.27.4&#8243; _module_preset=&#8221;default&#8221; hover_enabled=&#8221;0&#8243; locked=&#8221;off&#8221; global_colors_info=&#8221;{}&#8221; sticky_enabled=&#8221;0&#8243;][\/et_pb_image][et_pb_text admin_label=&#8221;Rubrik&#8221; _builder_version=&#8221;4.16&#8243; _dynamic_attributes=&#8221;content&#8221; _module_preset=&#8221;default&#8221; text_font=&#8221;|700|||||||&#8221; text_text_color=&#8221;#222222&#8243; text_font_size=&#8221;28px&#8221; global_colors_info=&#8221;{}&#8221;]@ET-DC@eyJkeW5hbWljIjp0cnVlLCJjb250ZW50IjoicG9zdF90aXRsZSIsInNldHRpbmdzIjp7ImJlZm9yZSI6IiIsImFmdGVyIjoiIn19@[\/et_pb_text][et_pb_text _builder_version=&#8221;4.24.0&#8243; _module_preset=&#8221;default&#8221; global_colors_info=&#8221;{}&#8221;]<\/p>\n<p><strong>Saknar du din biljett?<\/strong> L\u00e4s nedan och g\u00e5 igenom dessa steg <strong>innan<\/strong> du kontaktar oss:<br \/>1. S\u00f6k efter mail fr\u00e5n forfoodies.se i din inkorg, det skickas alltid ut i samma stund som bokningen g\u00e5r igenom. I mailet finns bekr\u00e4ftelse, infon som du beh\u00f6ver och l\u00e4nk till din biljett.<br \/>2. Kolla skr\u00e4pkorgen. D\u00e4r hamnar v\u00e5ra mail ibland.<br \/>3. Logga in p\u00e5 ditt konto p\u00e5 forfoodies.se. Alla som bokar biljett p\u00e5 forfoodies.se skapar ett konto och d\u00e4r finns dina best\u00e4llningar och biljetter att ladda ned. Har du gl\u00f6mt ditt l\u00f6senord finns funktioner f\u00f6r det ocks\u00e5.<\/p>\n<p>Vill du <strong>g\u00e5 samma turordning<\/strong> som annat s\u00e4llskap under en smakmiddag eller smakpromenad? D\u00e5 kan du kontakta oss genom formul\u00e4ret men viktigt att du uppger f\u00f6ljande info:<br \/>1. Vilket datum och stad g\u00e4ller det?<br \/>2. Vem har gjort bokningen? G\u00e4ller b\u00e5de din och den\/de andras bokning. Obs! Inte namn p\u00e5 alla deltagare i s\u00e4llskapet utan bara den som gjort bokningen!<br \/>3. Best\u00e4llningsnummer 5 siffror b\u00e5de p\u00e5 din och det eller de s\u00e4llskap du vill dela turordning med<\/p>\n<p>Din fr\u00e5ga kan ju r\u00f6ra n\u00e5got helt annat \u00e4n en saknad biljett eller turordning, men har du en bokning uppge alltid best nr.\u00a0<\/p>\n<p><strong>OBS! Majoriteten av fr\u00e5gorna till oss handlar om det vi ger svar p\u00e5 ovan s\u00e5 b\u00f6rja med att l\u00e4sa igenom punkterna noga s\u00e5 spar vi b\u00e5de er och v\u00e5r tid. Finns inte din fr\u00e5ga ovan s\u00e5 kolla f\u00f6rst h\u00e4r: <a href=\"https:\/\/forfoodies.se\/fragor-och-svar\/\">Fr\u00e5gor och svar<\/a><br \/><\/strong>R\u00f6r din fr\u00e5ga en helt annan sak s\u00e5 svarar vi s\u00e5klart, oftast inom 24 timmar p\u00e5 vardagar \ud83d\ude42<\/p>\n<p>&nbsp;<\/p>\n<p>&nbsp;<\/p>\n<p>[\/et_pb_text][et_pb_button button_text=&#8221;Klicka h\u00e4r f\u00f6r kontaktformul\u00e4r&#8221; module_class=&#8221;toggle-button&#8221; _builder_version=&#8221;4.19.4&#8243; _module_preset=&#8221;default&#8221; global_colors_info=&#8221;{}&#8221;][\/et_pb_button][et_pb_code module_class=&#8221;toggle-content&#8221; _builder_version=&#8221;4.19.4&#8243; _module_preset=&#8221;default&#8221; custom_margin=&#8221;0px||0px||false|false&#8221; custom_padding=&#8221;||0px||false|false&#8221; custom_css_main_element=&#8221;margin-bottom: 0!important;&#8221; global_colors_info=&#8221;{}&#8221;]<script type=\"text\/javascript\">\n\/* <![CDATA[ *\/\nvar gform;gform||(document.addEventListener(\"gform_main_scripts_loaded\",function(){gform.scriptsLoaded=!0}),document.addEventListener(\"gform\/theme\/scripts_loaded\",function(){gform.themeScriptsLoaded=!0}),window.addEventListener(\"DOMContentLoaded\",function(){gform.domLoaded=!0}),gform={domLoaded:!1,scriptsLoaded:!1,themeScriptsLoaded:!1,isFormEditor:()=>\"function\"==typeof InitializeEditor,callIfLoaded:function(o){return!(!gform.domLoaded||!gform.scriptsLoaded||!gform.themeScriptsLoaded&&!gform.isFormEditor()||(gform.isFormEditor()&&console.warn(\"The use of gform.initializeOnLoaded() is deprecated in the form editor context and will be removed in Gravity Forms 3.1.\"),o(),0))},initializeOnLoaded:function(o){gform.callIfLoaded(o)||(document.addEventListener(\"gform_main_scripts_loaded\",()=>{gform.scriptsLoaded=!0,gform.callIfLoaded(o)}),document.addEventListener(\"gform\/theme\/scripts_loaded\",()=>{gform.themeScriptsLoaded=!0,gform.callIfLoaded(o)}),window.addEventListener(\"DOMContentLoaded\",()=>{gform.domLoaded=!0,gform.callIfLoaded(o)}))},hooks:{action:{},filter:{}},addAction:function(o,r,e,t){gform.addHook(\"action\",o,r,e,t)},addFilter:function(o,r,e,t){gform.addHook(\"filter\",o,r,e,t)},doAction:function(o){gform.doHook(\"action\",o,arguments)},applyFilters:function(o){return gform.doHook(\"filter\",o,arguments)},removeAction:function(o,r){gform.removeHook(\"action\",o,r)},removeFilter:function(o,r,e){gform.removeHook(\"filter\",o,r,e)},addHook:function(o,r,e,t,n){null==gform.hooks[o][r]&&(gform.hooks[o][r]=[]);var d=gform.hooks[o][r];null==n&&(n=r+\"_\"+d.length),gform.hooks[o][r].push({tag:n,callable:e,priority:t=null==t?10:t})},doHook:function(r,o,e){var t;if(e=Array.prototype.slice.call(e,1),null!=gform.hooks[r][o]&&((o=gform.hooks[r][o]).sort(function(o,r){return o.priority-r.priority}),o.forEach(function(o){\"function\"!=typeof(t=o.callable)&&(t=window[t]),\"action\"==r?t.apply(null,e):e[0]=t.apply(null,e)})),\"filter\"==r)return e[0]},removeHook:function(o,r,t,n){var e;null!=gform.hooks[o][r]&&(e=(e=gform.hooks[o][r]).filter(function(o,r,e){return!!(null!=n&&n!=o.tag||null!=t&&t!=o.priority)}),gform.hooks[o][r]=e)}});\n\/* ]]> *\/\n<\/script>\n\n                <div class='gf_browser_gecko gform_wrapper gravity-theme gform-theme--no-framework' data-form-theme='gravity-theme' data-form-index='0' id='gform_wrapper_2' ><div id='gf_2' class='gform_anchor' tabindex='-1'><\/div>\n                        <div class='gform_heading'>\n                            <p class='gform_description'><\/p>\n\t\t\t\t\t\t\t<p class='gform_required_legend'>&quot;<span class=\"gfield_required gfield_required_asterisk\">*<\/span>&quot; indicates required fields<\/p>\n                        <\/div><form method='post' enctype='multipart\/form-data' target='gform_ajax_frame_2' id='gform_2'  action='\/en\/wp-json\/wp\/v2\/pages\/560#gf_2' data-formid='2' novalidate>\n                        <div class='gform-body gform_body'><div id='gform_fields_2' class='gform_fields top_label form_sublabel_below description_below validation_below'><div id=\"field_2_1\" class=\"gfield gfield--type-text gfield_contains_required field_sublabel_below gfield--has-description field_description_below field_validation_below gfield_visibility_visible\"  ><label class='gfield_label gform-field-label' for='input_2_1'>F\u00f6r- och efternamn<span class=\"gfield_required\"><span class=\"gfield_required gfield_required_asterisk\">*<\/span><\/span><\/label><div class='ginput_container ginput_container_text'><input name='input_1' id='input_2_1' type='text' value='' class='large'  aria-describedby=\"gfield_description_2_1\"   aria-required=\"true\" aria-invalid=\"false\"   \/><\/div><div class='gfield_description' id='gfield_description_2_1'>P\u00e5 den som bokat, om du redan har en bokning.<\/div><\/div><div id=\"field_2_3\" class=\"gfield gfield--type-text gfield--width-full gfield_contains_required field_sublabel_below gfield--no-description field_description_below field_validation_below gfield_visibility_visible\"  ><label class='gfield_label gform-field-label' for='input_2_3'>Telefon<span class=\"gfield_required\"><span class=\"gfield_required gfield_required_asterisk\">*<\/span><\/span><\/label><div class='ginput_container ginput_container_text'><input name='input_3' id='input_2_3' type='text' value='' class='large'     aria-required=\"true\" aria-invalid=\"false\"   \/><\/div><\/div><div id=\"field_2_4\" class=\"gfield gfield--type-email gfield--width-full gfield_contains_required field_sublabel_below gfield--no-description field_description_below field_validation_below gfield_visibility_visible\"  ><label class='gfield_label gform-field-label' for='input_2_4'>E-post<span class=\"gfield_required\"><span class=\"gfield_required gfield_required_asterisk\">*<\/span><\/span><\/label><div class='ginput_container ginput_container_email'>\n                            <input name='input_4' id='input_2_4' type='email' value='' class='large'    aria-required=\"true\" aria-invalid=\"false\"  \/>\n                        <\/div><\/div><div id=\"field_2_5\" class=\"gfield gfield--type-text gfield--width-full field_sublabel_below gfield--has-description field_description_below field_validation_below gfield_visibility_visible\"  ><label class='gfield_label gform-field-label' for='input_2_5'>Aktivitet och datum, ev bokningsnummer<\/label><div class='ginput_container ginput_container_text'><input name='input_5' id='input_2_5' type='text' value='' class='large'  aria-describedby=\"gfield_description_2_5\"    aria-invalid=\"false\"   \/><\/div><div class='gfield_description' id='gfield_description_2_5'>Bokningsnummer 4-5 siffror, ifall du redan har en bokning<\/div><\/div><div id=\"field_2_6\" class=\"gfield gfield--type-textarea gfield--width-full gfield_contains_required field_sublabel_below gfield--no-description field_description_below field_validation_below gfield_visibility_visible\"  ><label class='gfield_label gform-field-label' for='input_2_6'>Meddelande<span class=\"gfield_required\"><span class=\"gfield_required gfield_required_asterisk\">*<\/span><\/span><\/label><div class='ginput_container ginput_container_textarea'><textarea name='input_6' id='input_2_6' class='textarea large'     aria-required=\"true\" aria-invalid=\"false\"   rows='10' cols='50'><\/textarea><\/div><\/div><div id=\"field_2_7\" class=\"gfield gfield--type-captcha gfield--width-full field_sublabel_below gfield--no-description field_description_below hidden_label field_validation_below gfield_visibility_visible\"  ><label class='gfield_label gform-field-label' for='input_2_7'>CAPTCHA<\/label><div id='input_2_7' class='ginput_container ginput_recaptcha' data-sitekey='6LfmiM8ZAAAAAFPo6_Fun3mvZ3YM8IMm8BiQq4Nx'  data-theme='light' data-tabindex='-1' data-size='invisible' data-badge='bottomright'><\/div><\/div><\/div><\/div>\n        <div class='gform-footer gform_footer top_label'> <input type='submit' id='gform_submit_button_2' class='gform_button button' onclick='gform.submission.handleButtonClick(this);' data-submission-type='submit' value='Skicka'  \/> <input type='hidden' name='gform_ajax' value='form_id=2&amp;title=&amp;description=1&amp;tabindex=0&amp;theme=gravity-theme&amp;styles=[]&amp;hash=4168f6aa19744e507acda1e6d2b99ae4' \/>\n            <input type='hidden' class='gform_hidden' name='gform_submission_method' data-js='gform_submission_method_2' value='iframe' \/>\n            <input type='hidden' class='gform_hidden' name='gform_theme' data-js='gform_theme_2' id='gform_theme_2' value='gravity-theme' \/>\n            <input type='hidden' class='gform_hidden' name='gform_style_settings' data-js='gform_style_settings_2' id='gform_style_settings_2' value='[]' \/>\n            <input type='hidden' class='gform_hidden' name='is_submit_2' value='1' \/>\n            <input type='hidden' class='gform_hidden' name='gform_submit' value='2' \/>\n            \n            <input type='hidden' class='gform_hidden' name='gform_currency' data-currency='SEK' value='JRNrpgeOt80LYWFekDRqp\/k60CqcEGa1NIn5ryDOyG+svi0jpaJTkeTp5xrtxqXR5yFfDtD5FFUrAoDCHiNOZcgQOV1iWQtxrbalBAj9TzmEsaA=' \/>\n            <input type='hidden' class='gform_hidden' name='gform_unique_id' value='' \/>\n            <input type='hidden' class='gform_hidden' name='state_2' value='WyJbXSIsIjdjNTg5MTVlZmZmNzE1MWIzZjc5YTQ2M2JhNTVlOWY3Il0=' \/>\n            <input type='hidden' autocomplete='off' class='gform_hidden' name='gform_target_page_number_2' id='gform_target_page_number_2' value='0' \/>\n            <input type='hidden' autocomplete='off' class='gform_hidden' name='gform_source_page_number_2' id='gform_source_page_number_2' value='1' \/>\n            <input type='hidden' name='gform_field_values' value='' \/>\n            \n        <\/div>\n                        <\/form>\n                        <\/div>\n\t\t                <iframe style='display:none;width:0px;height:0px;' src='about:blank' name='gform_ajax_frame_2' id='gform_ajax_frame_2' title='This iframe contains the logic required to handle Ajax powered Gravity Forms.'><\/iframe>\n\t\t                <script type=\"text\/javascript\">\n\/* <![CDATA[ *\/\n gform.initializeOnLoaded( function() {gformInitSpinner( 2, 'https:\/\/forfoodies.se\/wp-content\/plugins\/gravityforms\/images\/spinner.svg', true );jQuery('#gform_ajax_frame_2').on('load',function(){var contents = jQuery(this).contents().find('*').html();var is_postback = contents.indexOf('GF_AJAX_POSTBACK') >= 0;if(!is_postback){return;}var form_content = jQuery(this).contents().find('#gform_wrapper_2');var is_confirmation = jQuery(this).contents().find('#gform_confirmation_wrapper_2').length > 0;var is_redirect = contents.indexOf('gformRedirect(){') >= 0;var is_form = form_content.length > 0 && ! is_redirect && ! is_confirmation;var mt = parseInt(jQuery('html').css('margin-top'), 10) + parseInt(jQuery('body').css('margin-top'), 10) + 100;if(is_form){jQuery('#gform_wrapper_2').html(form_content.html());if(form_content.hasClass('gform_validation_error')){jQuery('#gform_wrapper_2').addClass('gform_validation_error');} else {jQuery('#gform_wrapper_2').removeClass('gform_validation_error');}setTimeout( function() { \/* delay the scroll by 50 milliseconds to fix a bug in chrome *\/ jQuery(document).scrollTop(jQuery('#gform_wrapper_2').offset().top - mt); }, 50 );if(window['gformInitDatepicker']) {gformInitDatepicker();}if(window['gformInitPriceFields']) {gformInitPriceFields();}var current_page = jQuery('#gform_source_page_number_2').val();gformInitSpinner( 2, 'https:\/\/forfoodies.se\/wp-content\/plugins\/gravityforms\/images\/spinner.svg', true );jQuery(document).trigger('gform_page_loaded', [2, current_page]);window['gf_submitting_2'] = false;}else if(!is_redirect){var confirmation_content = jQuery(this).contents().find('.GF_AJAX_POSTBACK').html();if(!confirmation_content){confirmation_content = contents;}jQuery('#gform_wrapper_2').replaceWith(confirmation_content);jQuery(document).scrollTop(jQuery('#gf_2').offset().top - mt);jQuery(document).trigger('gform_confirmation_loaded', [2]);window['gf_submitting_2'] = false;wp.a11y.speak(jQuery('#gform_confirmation_message_2').text());}else{jQuery('#gform_2').append(contents);if(window['gformRedirect']) {gformRedirect();}}jQuery(document).trigger(\"gform_pre_post_render\", [{ formId: \"2\", currentPage: \"current_page\", abort: function() { this.preventDefault(); } }]);        if (event && event.defaultPrevented) {                return;        }        const gformWrapperDiv = document.getElementById( \"gform_wrapper_2\" );        if ( gformWrapperDiv ) {            const visibilitySpan = document.createElement( \"span\" );            visibilitySpan.id = \"gform_visibility_test_2\";            gformWrapperDiv.insertAdjacentElement( \"afterend\", visibilitySpan );        }        const visibilityTestDiv = document.getElementById( \"gform_visibility_test_2\" );        let postRenderFired = false;        function triggerPostRender() {            if ( postRenderFired ) {                return;            }            postRenderFired = true;            gform.core.triggerPostRenderEvents( 2, current_page );            if ( visibilityTestDiv ) {                visibilityTestDiv.parentNode.removeChild( visibilityTestDiv );            }        }        function debounce( func, wait, immediate ) {            var timeout;            return function() {                var context = this, args = arguments;                var later = function() {                    timeout = null;                    if ( !immediate ) func.apply( context, args );                };                var callNow = immediate && !timeout;                clearTimeout( timeout );                timeout = setTimeout( later, wait );                if ( callNow ) func.apply( context, args );            };        }        const debouncedTriggerPostRender = debounce( function() {            triggerPostRender();        }, 200 );        if ( visibilityTestDiv && visibilityTestDiv.offsetParent === null ) {            const observer = new MutationObserver( ( mutations ) => {                mutations.forEach( ( mutation ) => {                    if ( mutation.type === 'attributes' && visibilityTestDiv.offsetParent !== null ) {                        debouncedTriggerPostRender();                        observer.disconnect();                    }                });            });            observer.observe( document.body, {                attributes: true,                childList: false,                subtree: true,                attributeFilter: [ 'style', 'class' ],            });        } else {            triggerPostRender();        }    } );} ); \n\/* ]]> *\/\n<\/script>\n[\/et_pb_code][et_pb_code _builder_version=&#8221;4.19.4&#8243; _module_preset=&#8221;default&#8221; global_colors_info=&#8221;{}&#8221;]<script><!-- [et_pb_line_break_holder] -->  jQuery(document).ready(function($){<!-- [et_pb_line_break_holder] -->\t$('.toggle-button').on('click', function(e) {<!-- [et_pb_line_break_holder] -->\t\t$('.toggle-content').toggleClass(\"active\");<!-- [et_pb_line_break_holder] -->\te.preventDefault();<!-- [et_pb_line_break_holder] --> });<!-- [et_pb_line_break_holder] -->  });<!-- [et_pb_line_break_holder] --><\/script>[\/et_pb_code][et_pb_text _builder_version=&#8221;4.20.2&#8243; _module_preset=&#8221;default&#8221; global_colors_info=&#8221;{}&#8221;]<\/p>\n<p><strong>Om du vill att vi skapar ett eget event eller aktivitet f\u00f6r ditt f\u00f6retag<\/strong><br \/>Skicka ett mail till info(at)forfoodies.se s\u00e5 h\u00f6r vi av oss!<\/p>\n<p>&nbsp;<\/p>\n<p>[\/et_pb_text][\/et_pb_column][\/et_pb_row][\/et_pb_section]<\/p>\n","protected":false},"excerpt":{"rendered":"<p>Saknar du din biljett? L\u00e4s nedan och g\u00e5 igenom dessa steg innan du kontaktar oss:1. S\u00f6k efter mail fr\u00e5n forfoodies.se i din inkorg, det skickas alltid ut i samma stund som bokningen g\u00e5r igenom. I mailet finns bekr\u00e4ftelse, infon som du beh\u00f6ver och l\u00e4nk till din biljett.2. Kolla skr\u00e4pkorgen. D\u00e4r hamnar v\u00e5ra mail ibland.3. Logga [&hellip;]<\/p>\n","protected":false},"author":2,"featured_media":0,"parent":0,"menu_order":0,"comment_status":"closed","ping_status":"closed","template":"","meta":{"_acf_changed":false,"_et_pb_use_builder":"on","_et_pb_old_content":"","_et_gb_content_width":"","footnotes":""},"class_list":["post-560","page","type-page","status-publish","hentry"],"acf":[],"yoast_head":"<!-- This site is optimized with the Yoast SEO plugin v27.5 - https:\/\/yoast.com\/product\/yoast-seo-wordpress\/ -->\n<title>Kontakt - forfoodies.se<\/title>\n<meta name=\"robots\" content=\"index, follow, max-snippet:-1, max-image-preview:large, max-video-preview:-1\" \/>\n<link rel=\"canonical\" href=\"https:\/\/forfoodies.se\/en\/kontakt\/\" \/>\n<meta property=\"og:locale\" content=\"en_GB\" \/>\n<meta property=\"og:type\" content=\"article\" \/>\n<meta property=\"og:title\" content=\"Kontakt - forfoodies.se\" \/>\n<meta property=\"og:description\" content=\"Saknar du din biljett? L\u00e4s nedan och g\u00e5 igenom dessa steg innan du kontaktar oss:1. S\u00f6k efter mail fr\u00e5n forfoodies.se i din inkorg, det skickas alltid ut i samma stund som bokningen g\u00e5r igenom. I mailet finns bekr\u00e4ftelse, infon som du beh\u00f6ver och l\u00e4nk till din biljett.2. Kolla skr\u00e4pkorgen. D\u00e4r hamnar v\u00e5ra mail ibland.3. Logga [&hellip;]\" \/>\n<meta property=\"og:url\" content=\"https:\/\/forfoodies.se\/en\/kontakt\/\" \/>\n<meta property=\"og:site_name\" content=\"forfoodies.se\" \/>\n<meta property=\"article:publisher\" content=\"https:\/\/www.facebook.com\/forfoodies.se\/\" \/>\n<meta property=\"article:modified_time\" content=\"2025-05-19T10:20:49+00:00\" \/>\n<meta property=\"og:image\" content=\"https:\/\/forfoodies.se\/wp-content\/uploads\/ForFoodies_green-1.png\" \/>\n\t<meta property=\"og:image:width\" content=\"800\" \/>\n\t<meta property=\"og:image:height\" content=\"758\" \/>\n\t<meta property=\"og:image:type\" content=\"image\/png\" \/>\n<meta name=\"twitter:card\" content=\"summary_large_image\" \/>\n<meta name=\"twitter:label1\" content=\"Estimated reading time\" \/>\n\t<meta name=\"twitter:data1\" content=\"2 minutes\" \/>\n<script type=\"application\/ld+json\" class=\"yoast-schema-graph\">{\"@context\":\"https:\\\/\\\/schema.org\",\"@graph\":[{\"@type\":\"WebPage\",\"@id\":\"https:\\\/\\\/forfoodies.se\\\/kontakt\\\/\",\"url\":\"https:\\\/\\\/forfoodies.se\\\/kontakt\\\/\",\"name\":\"Kontakt - forfoodies.se\",\"isPartOf\":{\"@id\":\"https:\\\/\\\/forfoodies.se\\\/en\\\/#website\"},\"datePublished\":\"2020-09-18T07:02:35+00:00\",\"dateModified\":\"2025-05-19T10:20:49+00:00\",\"breadcrumb\":{\"@id\":\"https:\\\/\\\/forfoodies.se\\\/kontakt\\\/#breadcrumb\"},\"inLanguage\":\"en-GB\",\"potentialAction\":[{\"@type\":\"ReadAction\",\"target\":[\"https:\\\/\\\/forfoodies.se\\\/kontakt\\\/\"]}]},{\"@type\":\"BreadcrumbList\",\"@id\":\"https:\\\/\\\/forfoodies.se\\\/kontakt\\\/#breadcrumb\",\"itemListElement\":[{\"@type\":\"ListItem\",\"position\":1,\"name\":\"Hem\",\"item\":\"https:\\\/\\\/forfoodies.se\\\/\"},{\"@type\":\"ListItem\",\"position\":2,\"name\":\"Kontakt\"}]},{\"@type\":\"WebSite\",\"@id\":\"https:\\\/\\\/forfoodies.se\\\/en\\\/#website\",\"url\":\"https:\\\/\\\/forfoodies.se\\\/en\\\/\",\"name\":\"forfoodies.se\",\"description\":\"\",\"publisher\":{\"@id\":\"https:\\\/\\\/forfoodies.se\\\/en\\\/#organization\"},\"potentialAction\":[{\"@type\":\"SearchAction\",\"target\":{\"@type\":\"EntryPoint\",\"urlTemplate\":\"https:\\\/\\\/forfoodies.se\\\/en\\\/?s={search_term_string}\"},\"query-input\":{\"@type\":\"PropertyValueSpecification\",\"valueRequired\":true,\"valueName\":\"search_term_string\"}}],\"inLanguage\":\"en-GB\"},{\"@type\":\"Organization\",\"@id\":\"https:\\\/\\\/forfoodies.se\\\/en\\\/#organization\",\"name\":\"Forfoodies.se\",\"url\":\"https:\\\/\\\/forfoodies.se\\\/en\\\/\",\"logo\":{\"@type\":\"ImageObject\",\"inLanguage\":\"en-GB\",\"@id\":\"https:\\\/\\\/forfoodies.se\\\/en\\\/#\\\/schema\\\/logo\\\/image\\\/\",\"url\":\"https:\\\/\\\/forfoodies.se\\\/wp-content\\\/uploads\\\/ForFoodies_green.png\",\"contentUrl\":\"https:\\\/\\\/forfoodies.se\\\/wp-content\\\/uploads\\\/ForFoodies_green.png\",\"width\":114,\"height\":108,\"caption\":\"Forfoodies.se\"},\"image\":{\"@id\":\"https:\\\/\\\/forfoodies.se\\\/en\\\/#\\\/schema\\\/logo\\\/image\\\/\"},\"sameAs\":[\"https:\\\/\\\/www.facebook.com\\\/forfoodies.se\\\/\",\"https:\\\/\\\/www.instagram.com\\\/forfoodies.se\\\/\"]}]}<\/script>\n<!-- \/ Yoast SEO plugin. -->","yoast_head_json":{"title":"Kontakt - forfoodies.se","robots":{"index":"index","follow":"follow","max-snippet":"max-snippet:-1","max-image-preview":"max-image-preview:large","max-video-preview":"max-video-preview:-1"},"canonical":"https:\/\/forfoodies.se\/en\/kontakt\/","og_locale":"en_GB","og_type":"article","og_title":"Kontakt - forfoodies.se","og_description":"Saknar du din biljett? L\u00e4s nedan och g\u00e5 igenom dessa steg innan du kontaktar oss:1. S\u00f6k efter mail fr\u00e5n forfoodies.se i din inkorg, det skickas alltid ut i samma stund som bokningen g\u00e5r igenom. I mailet finns bekr\u00e4ftelse, infon som du beh\u00f6ver och l\u00e4nk till din biljett.2. Kolla skr\u00e4pkorgen. D\u00e4r hamnar v\u00e5ra mail ibland.3. Logga [&hellip;]","og_url":"https:\/\/forfoodies.se\/en\/kontakt\/","og_site_name":"forfoodies.se","article_publisher":"https:\/\/www.facebook.com\/forfoodies.se\/","article_modified_time":"2025-05-19T10:20:49+00:00","og_image":[{"width":800,"height":758,"url":"https:\/\/forfoodies.se\/wp-content\/uploads\/ForFoodies_green-1.png","type":"image\/png"}],"twitter_card":"summary_large_image","twitter_misc":{"Estimated reading time":"2 minutes"},"schema":{"@context":"https:\/\/schema.org","@graph":[{"@type":"WebPage","@id":"https:\/\/forfoodies.se\/kontakt\/","url":"https:\/\/forfoodies.se\/kontakt\/","name":"Kontakt - forfoodies.se","isPartOf":{"@id":"https:\/\/forfoodies.se\/en\/#website"},"datePublished":"2020-09-18T07:02:35+00:00","dateModified":"2025-05-19T10:20:49+00:00","breadcrumb":{"@id":"https:\/\/forfoodies.se\/kontakt\/#breadcrumb"},"inLanguage":"en-GB","potentialAction":[{"@type":"ReadAction","target":["https:\/\/forfoodies.se\/kontakt\/"]}]},{"@type":"BreadcrumbList","@id":"https:\/\/forfoodies.se\/kontakt\/#breadcrumb","itemListElement":[{"@type":"ListItem","position":1,"name":"Hem","item":"https:\/\/forfoodies.se\/"},{"@type":"ListItem","position":2,"name":"Kontakt"}]},{"@type":"WebSite","@id":"https:\/\/forfoodies.se\/en\/#website","url":"https:\/\/forfoodies.se\/en\/","name":"forfoodies.se","description":"","publisher":{"@id":"https:\/\/forfoodies.se\/en\/#organization"},"potentialAction":[{"@type":"SearchAction","target":{"@type":"EntryPoint","urlTemplate":"https:\/\/forfoodies.se\/en\/?s={search_term_string}"},"query-input":{"@type":"PropertyValueSpecification","valueRequired":true,"valueName":"search_term_string"}}],"inLanguage":"en-GB"},{"@type":"Organization","@id":"https:\/\/forfoodies.se\/en\/#organization","name":"Forfoodies.se","url":"https:\/\/forfoodies.se\/en\/","logo":{"@type":"ImageObject","inLanguage":"en-GB","@id":"https:\/\/forfoodies.se\/en\/#\/schema\/logo\/image\/","url":"https:\/\/forfoodies.se\/wp-content\/uploads\/ForFoodies_green.png","contentUrl":"https:\/\/forfoodies.se\/wp-content\/uploads\/ForFoodies_green.png","width":114,"height":108,"caption":"Forfoodies.se"},"image":{"@id":"https:\/\/forfoodies.se\/en\/#\/schema\/logo\/image\/"},"sameAs":["https:\/\/www.facebook.com\/forfoodies.se\/","https:\/\/www.instagram.com\/forfoodies.se\/"]}]}},"_links":{"self":[{"href":"https:\/\/forfoodies.se\/en\/wp-json\/wp\/v2\/pages\/560","targetHints":{"allow":["GET"]}}],"collection":[{"href":"https:\/\/forfoodies.se\/en\/wp-json\/wp\/v2\/pages"}],"about":[{"href":"https:\/\/forfoodies.se\/en\/wp-json\/wp\/v2\/types\/page"}],"author":[{"embeddable":true,"href":"https:\/\/forfoodies.se\/en\/wp-json\/wp\/v2\/users\/2"}],"replies":[{"embeddable":true,"href":"https:\/\/forfoodies.se\/en\/wp-json\/wp\/v2\/comments?post=560"}],"version-history":[{"count":22,"href":"https:\/\/forfoodies.se\/en\/wp-json\/wp\/v2\/pages\/560\/revisions"}],"predecessor-version":[{"id":24721,"href":"https:\/\/forfoodies.se\/en\/wp-json\/wp\/v2\/pages\/560\/revisions\/24721"}],"wp:attachment":[{"href":"https:\/\/forfoodies.se\/en\/wp-json\/wp\/v2\/media?parent=560"}],"curies":[{"name":"wp","href":"https:\/\/api.w.org\/{rel}","templated":true}]}}