{"id":234,"date":"2017-10-13T14:02:33","date_gmt":"2017-10-13T12:02:33","guid":{"rendered":"https:\/\/forfoodies.se\/?page_id=234"},"modified":"2024-06-24T12:49:45","modified_gmt":"2024-06-24T10:49:45","slug":"allmanna-villkor-och-integritetspolicy","status":"publish","type":"page","link":"https:\/\/forfoodies.se\/en\/allmanna-villkor-och-integritetspolicy\/","title":{"rendered":"General terms and privacy policy"},"content":{"rendered":"<p>[et_pb_section fb_built=&#8221;1&#8243; _builder_version=&#8221;4.16&#8243; _module_preset=&#8221;default&#8221; global_colors_info=&#8221;{}&#8221;][et_pb_row _builder_version=&#8221;4.16&#8243; _module_preset=&#8221;default&#8221; global_colors_info=&#8221;{}&#8221;][et_pb_column type=&#8221;4_4&#8243; _builder_version=&#8221;4.16&#8243; _module_preset=&#8221;default&#8221; global_colors_info=&#8221;{}&#8221;][et_pb_text _builder_version=&#8221;4.16&#8243; _module_preset=&#8221;default&#8221; global_colors_info=&#8221;{}&#8221;]<\/p>\n<h1><strong>Allm\u00e4nna villkor och integritetspolicy<\/strong><\/h1>\n<p>[\/et_pb_text][\/et_pb_column][\/et_pb_row][et_pb_row column_structure=&#8221;1_2,1_2&#8243; _builder_version=&#8221;4.19.2&#8243; _module_preset=&#8221;default&#8221; global_colors_info=&#8221;{}&#8221;][et_pb_column type=&#8221;1_2&#8243; _builder_version=&#8221;4.16&#8243; _module_preset=&#8221;default&#8221; global_colors_info=&#8221;{}&#8221;][et_pb_text _builder_version=&#8221;4.19.2&#8243; _module_preset=&#8221;default&#8221; global_colors_info=&#8221;{}&#8221;]<\/p>\n<h3><strong>Allm\u00e4nna villkor<\/strong><\/h3>\n<p><strong>V\u00e5ra villkor beskriver r\u00e4ttigheter och skyldigheter n\u00e4r du ing\u00e5r avtal med forfoodies.se<\/strong><\/p>\n<p><strong>F\u00f6rs\u00e4ljningsvillkor<\/strong><strong><br \/><\/strong>F\u00f6rs\u00e4ljningsvillkoren g\u00e4ller det som best\u00e4lls via forfoodies.se och arrangeras* av f\u00f6retaget Mat och Event Ume\u00e5 AB, org nr: 556971-7597, nedan kallad s\u00e4ljare, och kunden, nedan kallad k\u00f6pare. Dessa villkor b\u00f6rjar g\u00e4lla d\u00e5 k\u00f6paren ing\u00e5r avtal med s\u00e4ljaren genom att g\u00f6ra en biljettbest\u00e4llning via forfoodies.se.<\/p>\n<p><strong>Priser<br \/><\/strong>Alla priser \u00e4r i svenska kronor (SEK) inklusive moms. Vi reserverar oss f\u00f6r eventuella skrivfel.<\/p>\n<p><strong>Betalningsvillkor<\/strong><strong><br \/><\/strong>Betalning av produkter best\u00e4llda fr\u00e5n forfoodies.se sker via Svea Bank AB (publ) org. nr 556158\u20137634. Om du g\u00f6r en best\u00e4llning till en grupp eller f\u00f6retag via mail eller telefon avtalas vilka villkor som g\u00e4ller vid just den best\u00e4llningen.<\/p>\n<p><strong>Byten, \u00e5terk\u00f6p och inst\u00e4llda event<\/strong><\/p>\n<p>En bokning kan \u00e5ngras fram till dess att betalning har skett, som betalning r\u00e4knas \u00e4ven om alternativet \u201dFaktura\u201d valts och fakturan \u00e4nnu inte har hunnit f\u00f6rfalla. Distansavtalslagens regler om \u00e5ngerr\u00e4tt g\u00e4ller ej vid k\u00f6p av evenemangsbiljetter om n\u00e4ringsidkaren tillhandah\u00e5ller tj\u00e4nsten p\u00e5 en best\u00e4md dag eller under en best\u00e4md tidsperiod, 2 kap. 11 \u00a7 distansavtalslagen. N\u00e4r betalning har skett \u00e4r k\u00f6paren d\u00e4rf\u00f6r bunden av sitt k\u00f6p, om inte annat anges i dessa villkor eller f\u00f6ljer av till\u00e4mplig lag. K\u00f6pt biljett kan inte ombokas, avbokas eller p\u00e5 annat s\u00e4tt l\u00f6sas in med undantag f\u00f6r om evenemanget st\u00e4lls in. K\u00f6paren skall i dessa fall senast en (1) m\u00e5nad fr\u00e5n evenemangsdatumet d\u00e5 evenemanget skulle ha varit, meddela s\u00e4ljaren sitt anspr\u00e5k p\u00e5 \u00e5terbetalning. Om s\u00e5 inte sker har k\u00f6paren ej r\u00e4tt till \u00e5terbetalning. Detta g\u00e4ller b\u00e5de vid inst\u00e4llt evenemang och i de fall d\u00e5 biljett makulerats och k\u00f6paren har haft r\u00e4tt till \u00e5terbetalning. Vid inst\u00e4llt arrangemang \u00e5terbetalas ej eventuella service- och distributionsavgifter. Borttappad biljett ers\u00e4tts ej. K\u00f6paren ansvarar sj\u00e4lv att via forfoodies.se kontrollera att evenemanget ej \u00e4r inst\u00e4lld eller flyttat.<\/p>\n<p>Biljetterna \u00e4r inte personliga och g\u00e5r att s\u00e4lja eller ge bort till n\u00e5gon annan. Det \u00e4r k\u00f6parens ansvar att f\u00f6rmedla biljetten vidare via t ex mail och se till att personen som ska nyttja biljetten har den info som beh\u00f6vs f\u00f6r att kunna delta i evenemanget, t ex att biljetten ska uppvisas i mobilen och vilka tider och andra villkor som g\u00e4ller. Inga namn\u00e4ndringar, \u00e4ndringar av antal deltagare eller liknande kan g\u00f6ras.<\/p>\n<p>Vid ytterligare fr\u00e5gor kring detta kontakta info(at)forfoodies.se<strong><br \/><\/strong><\/p>\n<p><strong>Force Majeure<br \/><\/strong>S\u00e4ljaren ansvarar inte f\u00f6r skada eller f\u00f6rlust som orsakats p\u00e5 grund av hinder som ligger utanf\u00f6r s\u00e4ljarens rimliga kontroll. S\u00e4ljaren \u00e4r vidare befriad fr\u00e5n skadest\u00e5nd och andra p\u00e5f\u00f6ljder om fullg\u00f6relsen av s\u00e4ljarens \u00e5tagande enligt avtalet hindras av omst\u00e4ndighet som s\u00e4ljaren sk\u00e4ligen inte kunnat r\u00e5da \u00f6ver eller f\u00f6rutse, och vars f\u00f6ljder s\u00e4ljaren inte heller rimligen kunnat undvika eller \u00f6vervinna. Exempel p\u00e5 s\u00e5dan omst\u00e4ndighet kan vara krig, myndighetsingripande, offentliga regleringar och restriktioner, oroligheter, inskr\u00e4nkningar i energitillf\u00f6rseln, arbetsmarknadsst\u00f6rningar eller f\u00f6rbud.<\/p>\n<p>Om n\u00e5got av ovanst\u00e5ende intr\u00e4ffar framflyttas tidpunkten f\u00f6r eventet till dess att hindret \u00e4r borta. Om eventet f\u00f6rhindras enligt ovan under mer \u00e4n tre m\u00e5nader kan s\u00e4ljaren utan ers\u00e4ttningsskyldighet fr\u00e5ntr\u00e4da avtalet.<br \/><b style=\"font-size: 16px;\"><br \/>F\u00f6retagsfaktura<br \/><\/b><span style=\"font-size: 16px;\">F\u00f6ljande g\u00e4ller f\u00f6r kunder som handlar i egenskap av f\u00f6retag och v\u00e4ljer betalning via faktura (&#8221;f\u00f6retagsfaktura&#8221;).<\/span><\/p>\n<p class=\"p1\"><b style=\"font-size: 16px;\">Kreditpr\u00f6vning<\/b><span style=\"font-size: 16px;\">: Vid ans\u00f6kan om betalning via f\u00f6retagsfaktura genomf\u00f6rs sedvanlig kreditpr\u00f6vning, vilket kan inneb\u00e4ra att en kreditupplysning inh\u00e4mtas.<\/span><\/p>\n<p class=\"p1\"><b style=\"font-size: 16px;\">Betalningsvillkor<\/b><span style=\"font-size: 16px;\">: F\u00f6rfallodatum och \u00f6vriga villkor f\u00f6r f\u00f6retagsfaktura framg\u00e5r av fakturan. Vid fakturabetalning ska betalningen ha mottagits senast 30 dagar fr\u00e5n fakturadatum (eller det datum som framg\u00e5r av fakturan). Vid dr\u00f6jsm\u00e5l med betalning tillkommer en p\u00e5minnelseavgift om 60 kr samt dr\u00f6jsm\u00e5lsr\u00e4nta om 2 % per m\u00e5nad fr\u00e5n f\u00f6rfallodatum till dess full betalning sker.<\/span><\/p>\n<p class=\"p1\"><b>\u00d6verl\u00e5telse<\/b>: Samtliga f\u00f6retagsfakturor kommer att \u00f6verl\u00e5tas till Svea Bank AB, 556158-7634 (&#8221;Svea Bank&#8221;). Alla betalningar med anledning av fakturan ska erl\u00e4ggas till Svea Bank.<\/p>\n<p class=\"p1\"><b>GDPR<\/b>: Vid betalning via f\u00f6retagsfaktura kommer fakturan att \u00f6verl\u00e5tas till Svea Bank AB och vi delar d\u00e5 f\u00f6retagskundens personuppgifter med Svea Bank. Svea Bank \u00e4r personuppgiftsansvarig f\u00f6r de fordringar som vi har \u00f6verl\u00e5tit till Svea Bank. F\u00f6r detaljerad information om Svea Banks behandling av personuppgifter, v\u00e4nligen l\u00e4s vidare i Sveas dataskyddsinformation som finns tillg\u00e4nglig p\u00e5 <a href=\"https:\/\/www.svea.com\/dataskydd\"><span class=\"s2\">https:\/\/www.svea.com\/dataskydd<\/span><\/a> eller kontakta Svea via post 169\u00a081 Solna, telefon 08-514\u00a0931\u00a013 eller <a href=\"mailto:swp@svea.com\"><span class=\"s2\">swp@svea.com<\/span><\/a>. Dataskyddsombud n\u00e5s p\u00e5 <a href=\"mailto:privacy@svea.com\"><span class=\"s2\">privacy@svea.com<\/span><\/a>.<\/p>\n<p><strong>F\u00f6r\u00e4ndring av de allm\u00e4nna villkoren<br \/><\/strong>S\u00e4ljaren har n\u00e4r som helst r\u00e4tt att \u00e4ndra inneh\u00e5llet i dessa allm\u00e4nna villkor. P\u00e5 denna webbsida finns alltid aktuella villkor.<\/p>\n<p><strong>Till\u00e4mpning av avtalet<\/strong><strong><br \/><\/strong>Om n\u00e5gon del av detta avtal visar sig vara ogiltigt eller ej till\u00e4mpbart, skall \u00f6vriga delar av avtalet fortfarande g\u00e4lla. Svensk lag skall till\u00e4mpas vid tolkning och till\u00e4mpning av avtalet. Eventuell tvist skall avg\u00f6ras med Ume\u00e5 tingsr\u00e4tt som f\u00f6rsta instans.<\/p>\n<p><strong>*Biljetter till events som arrangeras av annan part<\/strong><br \/>F\u00f6r best\u00e4llning av biljetter och bokning av events som g\u00f6rs via webbplattformen forfoodies.se men inte arrangeras av oss kan andra villkor g\u00e4lla f\u00f6r biljetten. Se respektive biljett f\u00f6r aktuella villkor som t ex avbokning och \u00e5terk\u00f6p. De villkor som visas vid biljettk\u00f6pet och som alla k\u00f6pare m\u00e5ste bekr\u00e4fta att man godk\u00e4nner \u00e4r alltid de som g\u00e4ller f\u00f6r den k\u00f6pa biljetten. Villkoren i texterna ovan och intill avser dock v\u00e5ra egna arrangemang.<\/p>\n<h3><\/h3>\n<p>[\/et_pb_text][\/et_pb_column][et_pb_column type=&#8221;1_2&#8243; _builder_version=&#8221;4.16&#8243; _module_preset=&#8221;default&#8221; global_colors_info=&#8221;{}&#8221;][et_pb_text _builder_version=&#8221;4.19.2&#8243; _module_preset=&#8221;default&#8221; global_colors_info=&#8221;{}&#8221;]<\/p>\n<h3><strong>Integritetspolicy<\/strong><\/h3>\n<p>I denna integritetspolicy f\u00f6rklaras hur vi samlar in och anv\u00e4nder din personliga information. Den beskriver ocks\u00e5 dina r\u00e4ttigheter och hur du kan g\u00f6ra dem g\u00e4llande.<\/p>\n<p><strong>Hur behandlar vi dina personuppgifter?<br \/><\/strong>Personuppgifter \u00e4r all slags information som indirekt eller direkt kan h\u00e4nf\u00f6ras till en fysisk person. Behandling av personuppgifter \u00e4r allt som sker med personuppgifterna. Varje \u00e5tg\u00e4rd som vidtas med personuppgifter utg\u00f6r en behandling, oberoende av om den utf\u00f6rs automatiserat eller inte. Exempel p\u00e5 vanliga behandlingar \u00e4r insamling, organisering, lagring, bearbetning och radering.<\/p>\n<p><strong>Ansvar f\u00f6r de personuppgifter som samlas in<\/strong><strong><br \/><\/strong>forfoodies.se, genom f\u00f6retaget Mat och Event Ume\u00e5 AB, org nr: 556971-7597, \u00e4r personuppgiftsansvarig f\u00f6r f\u00f6retagets behandling av personuppgifter. Detta eftersom det \u00e4r forfoodies.se som best\u00e4mmer s\u00e5v\u00e4l \u00e4ndam\u00e5l som syfte med behandlingen.<\/p>\n<p><strong>Vilka uppgifter samlar vi in?<\/strong><strong>\u2028<\/strong><\/p>\n<p><strong>Information vi beh\u00f6ver f\u00f6r ditt k\u00f6p<\/strong><strong><br \/><\/strong>Du kan direkt eller indirekt komma att ge oss information om dig sj\u00e4lv p\u00e5 ett antal olika s\u00e4tt. Detta kan t ex vara person- och kontaktinformation\u00a0som namn, personnummer, adress, e-post, telefonnummer etc.<\/p>\n<p><strong>Information vi sparar f\u00f6r din biljett<\/strong><br \/>N\u00e4r du\u00a0anv\u00e4nder\u00a0v\u00e5ra tj\u00e4nster\u00a0kan f\u00f6ljande information sparas:<br \/>Person- och kontaktinformation; namn, personnummer, adress, e-post, telefonnummer etc.<\/p>\n<p><strong>Information och<\/strong><strong>\u00a0detaljer ang\u00e5ende din best\u00e4llning<br \/><\/strong>Enhetsinformation, t ex IP-adress, spr\u00e5kinst\u00e4llningar, webbl\u00e4sarinst\u00e4llningar, tidszon, operativsystem, plattform och sk\u00e4rmuppl\u00f6sning<br \/>Geografisk information, dvs din geografiska placering<\/p>\n<p><strong>Hur anv\u00e4nder vi informationen?<\/strong><strong><br \/><\/strong>Den information vi\u00a0erh\u00e5ller anv\u00e4nds i syfte att administrera och genomf\u00f6ra\u00a0best\u00e4llningen och besvara eventuella fr\u00e5gor\u00a0som du har.<\/p>\n<p>Vi l\u00e4mnar inte ut personuppgifter eller annan personlig information eller kombinerad personlig och demografisk information till extern part, med undantag f\u00f6r i f\u00f6ljande situation:<\/p>\n<p>Vi\u00a0har r\u00e4tt att l\u00e4mna ut uppgifter om det finns en lagstadgad skyldighet f\u00f6r\u00a0oss att g\u00f6ra det, om det beg\u00e4rs av ett offentligt organ eller annan tillsynsmyndighet eller om\u00a0vi i god tro anser att ett s\u00e5dant utl\u00e4mnande \u00e4r n\u00f6dv\u00e4ndigt f\u00f6r att (a) f\u00f6lja legala krav eller f\u00f6r att r\u00e4tta sig efter domstolsbeslut; (b) skydda r\u00e4ttigheterna eller \u00e4gander\u00e4tten till forfoodies.se (c) f\u00f6rhindra ett brott eller skydda nationell s\u00e4kerhet; eller (d) skydda anv\u00e4ndares personliga s\u00e4kerhet eller allm\u00e4nheten.<\/p>\n<p><strong>Hur l\u00e4nge sparas\u00a0personuppgifterna?<\/strong><strong><br \/><\/strong>Vi\u00a0sparar\u00a0dina personuppgifter endast s\u00e5 l\u00e4nge som det \u00e4r n\u00f6dv\u00e4ndigt f\u00f6r att utf\u00f6ra alla \u00e5taganden gentemot dig som kund, uppr\u00e4tth\u00e5lla grundl\u00e4ggande service och s\u00e5 l\u00e4nge det kr\u00e4vs enligt lagstadgade lagringstider.<\/p>\n<p>Personuppgifter som l\u00e4mnas i samband med en best\u00e4llning av biljetter sparas i maximalt 12 m\u00e5nader innan det permanent raderas. Detta g\u00f6rs i syfte att kunna hantera eventuella reklamations- och service\u00e4renden och f\u00f6r att vi ska kunna fullg\u00f6ra v\u00e5ra \u00e5taganden enligt k\u00f6peavtalet.<\/p>\n<p><strong>Dina\u00a0r\u00e4ttigheter till r\u00e4ttelse, radering etc av dina personuppgifter<br \/><\/strong><span style=\"font-size: 16px;\">-Du kan beg\u00e4ra en kopia av de uppgifter du \u00f6nskar ta del av och verifiera den information vi har om dig.<br \/><\/span><span style=\"font-size: 16px;\">-Du har r\u00e4tt att korrigera felaktig information om dig sj\u00e4lv.<br \/><\/span><span style=\"font-size: 16px;\">-Du har r\u00e4tt att bli raderad (\u201dr\u00e4tten att bli bortgl\u00f6md\u201d)<br \/><\/span><span style=\"font-size: 16px;\">-Du har r\u00e4tt att beg\u00e4ra radering av dina personuppgifter f\u00f6r de fall att datan inte l\u00e4ngre \u00e4r n\u00f6dv\u00e4ndig f\u00f6r det syfte den blev insamlad f\u00f6r. Det kan dock finnas legala skyldigheter eller avtalsf\u00f6rpliktelser f\u00f6r oss som hindrar oss fr\u00e5n att omedelbart radera delar av din data.<\/span><span style=\"font-size: 16px;\"><br \/><\/span><span style=\"font-size: 16px;\">-Du har i vissa fall r\u00e4tt att kr\u00e4va att behandlingen av dina personuppgifter begr\u00e4nsas. Med begr\u00e4nsning menas att uppgifterna markeras s\u00e5 att de i framtiden endast f\u00e5r behandlas f\u00f6r vissa avgr\u00e4nsade syften.<\/span><\/p>\n<p><strong>F\u00f6r\u00e4ndring av denna integritetspolicy<br \/><\/strong>Om de legala kraven \u00e4ndras kan vi komma att g\u00f6ra \u00e4ndringar i integritetspolicyn. Den senaste versionen av integritetspolicyn finns alltid h\u00e4r p\u00e5 hemsidan.<\/p>\n<p>[\/et_pb_text][\/et_pb_column][\/et_pb_row][\/et_pb_section]<\/p>\n","protected":false},"excerpt":{"rendered":"<p>Allm\u00e4nna villkor och integritetspolicyAllm\u00e4nna villkor V\u00e5ra villkor beskriver r\u00e4ttigheter och skyldigheter n\u00e4r du ing\u00e5r avtal med forfoodies.se F\u00f6rs\u00e4ljningsvillkorF\u00f6rs\u00e4ljningsvillkoren g\u00e4ller det som best\u00e4lls via forfoodies.se och arrangeras* av f\u00f6retaget Mat och Event Ume\u00e5 AB, org nr: 556971-7597, nedan kallad s\u00e4ljare, och kunden, nedan kallad k\u00f6pare. Dessa villkor b\u00f6rjar g\u00e4lla d\u00e5 k\u00f6paren ing\u00e5r avtal med s\u00e4ljaren genom [&hellip;]<\/p>\n","protected":false},"author":2,"featured_media":0,"parent":0,"menu_order":0,"comment_status":"closed","ping_status":"closed","template":"","meta":{"_acf_changed":false,"_et_pb_use_builder":"on","_et_pb_old_content":"","_et_gb_content_width":"","footnotes":""},"class_list":["post-234","page","type-page","status-publish","hentry"],"acf":[],"yoast_head":"<!-- This site is optimized with the Yoast SEO plugin v27.4 - https:\/\/yoast.com\/product\/yoast-seo-wordpress\/ -->\n<title>Allm\u00e4nna villkor och integritetspolicy - forfoodies.se<\/title>\n<meta name=\"robots\" content=\"index, follow, max-snippet:-1, max-image-preview:large, max-video-preview:-1\" \/>\n<link rel=\"canonical\" href=\"https:\/\/forfoodies.se\/en\/allmanna-villkor-och-integritetspolicy\/\" \/>\n<meta property=\"og:locale\" content=\"en_GB\" \/>\n<meta property=\"og:type\" content=\"article\" \/>\n<meta property=\"og:title\" content=\"Allm\u00e4nna villkor och integritetspolicy - forfoodies.se\" \/>\n<meta property=\"og:description\" content=\"Allm\u00e4nna villkor och integritetspolicyAllm\u00e4nna villkor V\u00e5ra villkor beskriver r\u00e4ttigheter och skyldigheter n\u00e4r du ing\u00e5r avtal med forfoodies.se F\u00f6rs\u00e4ljningsvillkorF\u00f6rs\u00e4ljningsvillkoren g\u00e4ller det som best\u00e4lls via forfoodies.se och arrangeras* av f\u00f6retaget Mat och Event Ume\u00e5 AB, org nr: 556971-7597, nedan kallad s\u00e4ljare, och kunden, nedan kallad k\u00f6pare. Dessa villkor b\u00f6rjar g\u00e4lla d\u00e5 k\u00f6paren ing\u00e5r avtal med s\u00e4ljaren genom [&hellip;]\" \/>\n<meta property=\"og:url\" content=\"https:\/\/forfoodies.se\/en\/allmanna-villkor-och-integritetspolicy\/\" \/>\n<meta property=\"og:site_name\" content=\"forfoodies.se\" \/>\n<meta property=\"article:publisher\" content=\"https:\/\/www.facebook.com\/forfoodies.se\/\" \/>\n<meta property=\"article:modified_time\" content=\"2024-06-24T10:49:45+00:00\" \/>\n<meta property=\"og:image\" content=\"https:\/\/forfoodies.se\/wp-content\/uploads\/ForFoodies_green-1.png\" \/>\n\t<meta property=\"og:image:width\" content=\"800\" \/>\n\t<meta property=\"og:image:height\" content=\"758\" \/>\n\t<meta property=\"og:image:type\" content=\"image\/png\" \/>\n<meta name=\"twitter:card\" content=\"summary_large_image\" \/>\n<meta name=\"twitter:label1\" content=\"Estimated reading time\" \/>\n\t<meta name=\"twitter:data1\" content=\"9 minutes\" \/>\n<script type=\"application\/ld+json\" class=\"yoast-schema-graph\">{\"@context\":\"https:\\\/\\\/schema.org\",\"@graph\":[{\"@type\":\"WebPage\",\"@id\":\"https:\\\/\\\/forfoodies.se\\\/allmanna-villkor-och-integritetspolicy\\\/\",\"url\":\"https:\\\/\\\/forfoodies.se\\\/allmanna-villkor-och-integritetspolicy\\\/\",\"name\":\"Allm\u00e4nna villkor och integritetspolicy - forfoodies.se\",\"isPartOf\":{\"@id\":\"https:\\\/\\\/forfoodies.se\\\/en\\\/#website\"},\"datePublished\":\"2017-10-13T12:02:33+00:00\",\"dateModified\":\"2024-06-24T10:49:45+00:00\",\"breadcrumb\":{\"@id\":\"https:\\\/\\\/forfoodies.se\\\/allmanna-villkor-och-integritetspolicy\\\/#breadcrumb\"},\"inLanguage\":\"en-GB\",\"potentialAction\":[{\"@type\":\"ReadAction\",\"target\":[\"https:\\\/\\\/forfoodies.se\\\/allmanna-villkor-och-integritetspolicy\\\/\"]}]},{\"@type\":\"BreadcrumbList\",\"@id\":\"https:\\\/\\\/forfoodies.se\\\/allmanna-villkor-och-integritetspolicy\\\/#breadcrumb\",\"itemListElement\":[{\"@type\":\"ListItem\",\"position\":1,\"name\":\"Hem\",\"item\":\"https:\\\/\\\/forfoodies.se\\\/\"},{\"@type\":\"ListItem\",\"position\":2,\"name\":\"Allm\u00e4nna villkor och integritetspolicy\"}]},{\"@type\":\"WebSite\",\"@id\":\"https:\\\/\\\/forfoodies.se\\\/en\\\/#website\",\"url\":\"https:\\\/\\\/forfoodies.se\\\/en\\\/\",\"name\":\"forfoodies.se\",\"description\":\"\",\"publisher\":{\"@id\":\"https:\\\/\\\/forfoodies.se\\\/en\\\/#organization\"},\"potentialAction\":[{\"@type\":\"SearchAction\",\"target\":{\"@type\":\"EntryPoint\",\"urlTemplate\":\"https:\\\/\\\/forfoodies.se\\\/en\\\/?s={search_term_string}\"},\"query-input\":{\"@type\":\"PropertyValueSpecification\",\"valueRequired\":true,\"valueName\":\"search_term_string\"}}],\"inLanguage\":\"en-GB\"},{\"@type\":\"Organization\",\"@id\":\"https:\\\/\\\/forfoodies.se\\\/en\\\/#organization\",\"name\":\"Forfoodies.se\",\"url\":\"https:\\\/\\\/forfoodies.se\\\/en\\\/\",\"logo\":{\"@type\":\"ImageObject\",\"inLanguage\":\"en-GB\",\"@id\":\"https:\\\/\\\/forfoodies.se\\\/en\\\/#\\\/schema\\\/logo\\\/image\\\/\",\"url\":\"https:\\\/\\\/forfoodies.se\\\/wp-content\\\/uploads\\\/ForFoodies_green.png\",\"contentUrl\":\"https:\\\/\\\/forfoodies.se\\\/wp-content\\\/uploads\\\/ForFoodies_green.png\",\"width\":114,\"height\":108,\"caption\":\"Forfoodies.se\"},\"image\":{\"@id\":\"https:\\\/\\\/forfoodies.se\\\/en\\\/#\\\/schema\\\/logo\\\/image\\\/\"},\"sameAs\":[\"https:\\\/\\\/www.facebook.com\\\/forfoodies.se\\\/\",\"https:\\\/\\\/www.instagram.com\\\/forfoodies.se\\\/\"]}]}<\/script>\n<!-- \/ Yoast SEO plugin. -->","yoast_head_json":{"title":"Allm\u00e4nna villkor och integritetspolicy - forfoodies.se","robots":{"index":"index","follow":"follow","max-snippet":"max-snippet:-1","max-image-preview":"max-image-preview:large","max-video-preview":"max-video-preview:-1"},"canonical":"https:\/\/forfoodies.se\/en\/allmanna-villkor-och-integritetspolicy\/","og_locale":"en_GB","og_type":"article","og_title":"Allm\u00e4nna villkor och integritetspolicy - forfoodies.se","og_description":"Allm\u00e4nna villkor och integritetspolicyAllm\u00e4nna villkor V\u00e5ra villkor beskriver r\u00e4ttigheter och skyldigheter n\u00e4r du ing\u00e5r avtal med forfoodies.se F\u00f6rs\u00e4ljningsvillkorF\u00f6rs\u00e4ljningsvillkoren g\u00e4ller det som best\u00e4lls via forfoodies.se och arrangeras* av f\u00f6retaget Mat och Event Ume\u00e5 AB, org nr: 556971-7597, nedan kallad s\u00e4ljare, och kunden, nedan kallad k\u00f6pare. Dessa villkor b\u00f6rjar g\u00e4lla d\u00e5 k\u00f6paren ing\u00e5r avtal med s\u00e4ljaren genom [&hellip;]","og_url":"https:\/\/forfoodies.se\/en\/allmanna-villkor-och-integritetspolicy\/","og_site_name":"forfoodies.se","article_publisher":"https:\/\/www.facebook.com\/forfoodies.se\/","article_modified_time":"2024-06-24T10:49:45+00:00","og_image":[{"width":800,"height":758,"url":"https:\/\/forfoodies.se\/wp-content\/uploads\/ForFoodies_green-1.png","type":"image\/png"}],"twitter_card":"summary_large_image","twitter_misc":{"Estimated reading time":"9 minutes"},"schema":{"@context":"https:\/\/schema.org","@graph":[{"@type":"WebPage","@id":"https:\/\/forfoodies.se\/allmanna-villkor-och-integritetspolicy\/","url":"https:\/\/forfoodies.se\/allmanna-villkor-och-integritetspolicy\/","name":"Allm\u00e4nna villkor och integritetspolicy - forfoodies.se","isPartOf":{"@id":"https:\/\/forfoodies.se\/en\/#website"},"datePublished":"2017-10-13T12:02:33+00:00","dateModified":"2024-06-24T10:49:45+00:00","breadcrumb":{"@id":"https:\/\/forfoodies.se\/allmanna-villkor-och-integritetspolicy\/#breadcrumb"},"inLanguage":"en-GB","potentialAction":[{"@type":"ReadAction","target":["https:\/\/forfoodies.se\/allmanna-villkor-och-integritetspolicy\/"]}]},{"@type":"BreadcrumbList","@id":"https:\/\/forfoodies.se\/allmanna-villkor-och-integritetspolicy\/#breadcrumb","itemListElement":[{"@type":"ListItem","position":1,"name":"Hem","item":"https:\/\/forfoodies.se\/"},{"@type":"ListItem","position":2,"name":"Allm\u00e4nna villkor och integritetspolicy"}]},{"@type":"WebSite","@id":"https:\/\/forfoodies.se\/en\/#website","url":"https:\/\/forfoodies.se\/en\/","name":"forfoodies.se","description":"","publisher":{"@id":"https:\/\/forfoodies.se\/en\/#organization"},"potentialAction":[{"@type":"SearchAction","target":{"@type":"EntryPoint","urlTemplate":"https:\/\/forfoodies.se\/en\/?s={search_term_string}"},"query-input":{"@type":"PropertyValueSpecification","valueRequired":true,"valueName":"search_term_string"}}],"inLanguage":"en-GB"},{"@type":"Organization","@id":"https:\/\/forfoodies.se\/en\/#organization","name":"Forfoodies.se","url":"https:\/\/forfoodies.se\/en\/","logo":{"@type":"ImageObject","inLanguage":"en-GB","@id":"https:\/\/forfoodies.se\/en\/#\/schema\/logo\/image\/","url":"https:\/\/forfoodies.se\/wp-content\/uploads\/ForFoodies_green.png","contentUrl":"https:\/\/forfoodies.se\/wp-content\/uploads\/ForFoodies_green.png","width":114,"height":108,"caption":"Forfoodies.se"},"image":{"@id":"https:\/\/forfoodies.se\/en\/#\/schema\/logo\/image\/"},"sameAs":["https:\/\/www.facebook.com\/forfoodies.se\/","https:\/\/www.instagram.com\/forfoodies.se\/"]}]}},"_links":{"self":[{"href":"https:\/\/forfoodies.se\/en\/wp-json\/wp\/v2\/pages\/234","targetHints":{"allow":["GET"]}}],"collection":[{"href":"https:\/\/forfoodies.se\/en\/wp-json\/wp\/v2\/pages"}],"about":[{"href":"https:\/\/forfoodies.se\/en\/wp-json\/wp\/v2\/types\/page"}],"author":[{"embeddable":true,"href":"https:\/\/forfoodies.se\/en\/wp-json\/wp\/v2\/users\/2"}],"replies":[{"embeddable":true,"href":"https:\/\/forfoodies.se\/en\/wp-json\/wp\/v2\/comments?post=234"}],"version-history":[{"count":1,"href":"https:\/\/forfoodies.se\/en\/wp-json\/wp\/v2\/pages\/234\/revisions"}],"predecessor-version":[{"id":18874,"href":"https:\/\/forfoodies.se\/en\/wp-json\/wp\/v2\/pages\/234\/revisions\/18874"}],"wp:attachment":[{"href":"https:\/\/forfoodies.se\/en\/wp-json\/wp\/v2\/media?parent=234"}],"curies":[{"name":"wp","href":"https:\/\/api.w.org\/{rel}","templated":true}]}}