{"id":1627,"date":"2020-10-07T12:16:36","date_gmt":"2020-10-07T10:16:36","guid":{"rendered":"https:\/\/forfoodies.se\/?page_id=1627"},"modified":"2020-10-23T13:58:54","modified_gmt":"2020-10-23T11:58:54","slug":"cookies","status":"publish","type":"page","link":"https:\/\/forfoodies.se\/en\/cookies\/","title":{"rendered":"Cookies"},"content":{"rendered":"<p>[et_pb_section fb_built=&#8221;1&#8243; _builder_version=&#8221;4.6.1&#8243; _module_preset=&#8221;default&#8221;][et_pb_row _builder_version=&#8221;4.6.1&#8243; _module_preset=&#8221;default&#8221; custom_padding=&#8221;||0px||false|false&#8221;][et_pb_column type=&#8221;4_4&#8243; _builder_version=&#8221;4.6.1&#8243; _module_preset=&#8221;default&#8221;][et_pb_text _builder_version=&#8221;4.6.1&#8243; _module_preset=&#8221;default&#8221;]<\/p>\n<h1><strong>Om cookies<\/strong><\/h1>\n<p>[\/et_pb_text][\/et_pb_column][\/et_pb_row][et_pb_row column_structure=&#8221;1_2,1_2&#8243; _builder_version=&#8221;4.6.1&#8243; _module_preset=&#8221;default&#8221;][et_pb_column type=&#8221;1_2&#8243; _builder_version=&#8221;4.6.1&#8243; _module_preset=&#8221;default&#8221;][et_pb_text _builder_version=&#8221;4.6.1&#8243; _module_preset=&#8221;default&#8221; custom_padding=&#8221;||||false|false&#8221; hover_enabled=&#8221;0&#8243; sticky_enabled=&#8221;0&#8243;]<\/p>\n<p><span>Vi anv\u00e4nder cookies f\u00f6r att identifiera anv\u00e4ndare som unika men anonyma individer. Det hj\u00e4lper oss att registrera antalet bes\u00f6kare samt ger oss statistik och information om hur m\u00e5nga anv\u00e4ndare vi har p\u00e5 sidan och vad de g\u00f6r. Vi anv\u00e4nder \u00e4ven cookies f\u00f6r att komma ih\u00e5g inst\u00e4llningar som anv\u00e4ndaren g\u00f6r.<\/span><\/p>\n<p>Exempel p\u00e5 vad vi anv\u00e4nder cookies till:<br \/> <span style=\"font-size: 16px;\">-Komma ih\u00e5g vad som finns i din varukorg n\u00e4r du best\u00e4ller biljetter<br \/> <\/span>-Komma ih\u00e5g hur l\u00e5ngt du har kommit i din best\u00e4llning och vilka val du har gjort<\/p>\n<p>[\/et_pb_text][\/et_pb_column][et_pb_column type=&#8221;1_2&#8243; _builder_version=&#8221;4.6.1&#8243; _module_preset=&#8221;default&#8221;][et_pb_text _builder_version=&#8221;4.6.1&#8243; _module_preset=&#8221;default&#8221; custom_padding=&#8221;0px|||||&#8221;]<\/p>\n<p><span style=\"font-size: 16px;\">Du beh\u00f6ver inte acceptera att ta emot cookies om du inte vill och kan st\u00e4nga av eller radera dessa genom att anv\u00e4nda verktygen din webbl\u00e4sare.\u00a0<\/span><\/p>\n<p>Har du \u00f6vriga fr\u00e5gor eller funderingar om hur vi anv\u00e4nder cookies \u00e4r du v\u00e4lkommen att kontakta oss p\u00e5 info@forfoodies.se<\/p>\n<p>[\/et_pb_text][\/et_pb_column][\/et_pb_row][\/et_pb_section]<\/p>\n","protected":false},"excerpt":{"rendered":"<p>Om cookiesVi anv\u00e4nder cookies f\u00f6r att identifiera anv\u00e4ndare som unika men anonyma individer. Det hj\u00e4lper oss att registrera antalet bes\u00f6kare samt ger oss statistik och information om hur m\u00e5nga anv\u00e4ndare vi har p\u00e5 sidan och vad de g\u00f6r. Vi anv\u00e4nder \u00e4ven cookies f\u00f6r att komma ih\u00e5g inst\u00e4llningar som anv\u00e4ndaren g\u00f6r. Exempel p\u00e5 vad vi anv\u00e4nder [&hellip;]<\/p>\n","protected":false},"author":2,"featured_media":0,"parent":0,"menu_order":0,"comment_status":"closed","ping_status":"closed","template":"","meta":{"_acf_changed":false,"_et_pb_use_builder":"on","_et_pb_old_content":"","_et_gb_content_width":"","footnotes":""},"class_list":["post-1627","page","type-page","status-publish","hentry"],"acf":[],"yoast_head":"<!-- This site is optimized with the Yoast SEO plugin v27.4 - https:\/\/yoast.com\/product\/yoast-seo-wordpress\/ -->\n<title>Cookies - forfoodies.se<\/title>\n<meta name=\"robots\" content=\"index, follow, max-snippet:-1, max-image-preview:large, max-video-preview:-1\" \/>\n<link rel=\"canonical\" href=\"https:\/\/forfoodies.se\/en\/cookies\/\" \/>\n<meta property=\"og:locale\" content=\"en_GB\" \/>\n<meta property=\"og:type\" content=\"article\" \/>\n<meta property=\"og:title\" content=\"Cookies - forfoodies.se\" \/>\n<meta property=\"og:description\" content=\"Om cookiesVi anv\u00e4nder cookies f\u00f6r att identifiera anv\u00e4ndare som unika men anonyma individer. Det hj\u00e4lper oss att registrera antalet bes\u00f6kare samt ger oss statistik och information om hur m\u00e5nga anv\u00e4ndare vi har p\u00e5 sidan och vad de g\u00f6r. Vi anv\u00e4nder \u00e4ven cookies f\u00f6r att komma ih\u00e5g inst\u00e4llningar som anv\u00e4ndaren g\u00f6r. Exempel p\u00e5 vad vi anv\u00e4nder [&hellip;]\" \/>\n<meta property=\"og:url\" content=\"https:\/\/forfoodies.se\/en\/cookies\/\" \/>\n<meta property=\"og:site_name\" content=\"forfoodies.se\" \/>\n<meta property=\"article:publisher\" content=\"https:\/\/www.facebook.com\/forfoodies.se\/\" \/>\n<meta property=\"article:modified_time\" content=\"2020-10-23T11:58:54+00:00\" \/>\n<meta property=\"og:image\" content=\"https:\/\/forfoodies.se\/wp-content\/uploads\/ForFoodies_green-1.png\" \/>\n\t<meta property=\"og:image:width\" content=\"800\" \/>\n\t<meta property=\"og:image:height\" content=\"758\" \/>\n\t<meta property=\"og:image:type\" content=\"image\/png\" \/>\n<meta name=\"twitter:card\" content=\"summary_large_image\" \/>\n<meta name=\"twitter:label1\" content=\"Estimated reading time\" \/>\n\t<meta name=\"twitter:data1\" content=\"1 minute\" \/>\n<script type=\"application\/ld+json\" class=\"yoast-schema-graph\">{\"@context\":\"https:\\\/\\\/schema.org\",\"@graph\":[{\"@type\":\"WebPage\",\"@id\":\"https:\\\/\\\/forfoodies.se\\\/en\\\/cookies\\\/\",\"url\":\"https:\\\/\\\/forfoodies.se\\\/en\\\/cookies\\\/\",\"name\":\"Cookies - forfoodies.se\",\"isPartOf\":{\"@id\":\"https:\\\/\\\/forfoodies.se\\\/en\\\/#website\"},\"datePublished\":\"2020-10-07T10:16:36+00:00\",\"dateModified\":\"2020-10-23T11:58:54+00:00\",\"breadcrumb\":{\"@id\":\"https:\\\/\\\/forfoodies.se\\\/en\\\/cookies\\\/#breadcrumb\"},\"inLanguage\":\"en-GB\",\"potentialAction\":[{\"@type\":\"ReadAction\",\"target\":[\"https:\\\/\\\/forfoodies.se\\\/en\\\/cookies\\\/\"]}]},{\"@type\":\"BreadcrumbList\",\"@id\":\"https:\\\/\\\/forfoodies.se\\\/en\\\/cookies\\\/#breadcrumb\",\"itemListElement\":[{\"@type\":\"ListItem\",\"position\":1,\"name\":\"Hem\",\"item\":\"https:\\\/\\\/forfoodies.se\\\/\"},{\"@type\":\"ListItem\",\"position\":2,\"name\":\"Cookies\"}]},{\"@type\":\"WebSite\",\"@id\":\"https:\\\/\\\/forfoodies.se\\\/en\\\/#website\",\"url\":\"https:\\\/\\\/forfoodies.se\\\/en\\\/\",\"name\":\"forfoodies.se\",\"description\":\"\",\"publisher\":{\"@id\":\"https:\\\/\\\/forfoodies.se\\\/en\\\/#organization\"},\"potentialAction\":[{\"@type\":\"SearchAction\",\"target\":{\"@type\":\"EntryPoint\",\"urlTemplate\":\"https:\\\/\\\/forfoodies.se\\\/en\\\/?s={search_term_string}\"},\"query-input\":{\"@type\":\"PropertyValueSpecification\",\"valueRequired\":true,\"valueName\":\"search_term_string\"}}],\"inLanguage\":\"en-GB\"},{\"@type\":\"Organization\",\"@id\":\"https:\\\/\\\/forfoodies.se\\\/en\\\/#organization\",\"name\":\"Forfoodies.se\",\"url\":\"https:\\\/\\\/forfoodies.se\\\/en\\\/\",\"logo\":{\"@type\":\"ImageObject\",\"inLanguage\":\"en-GB\",\"@id\":\"https:\\\/\\\/forfoodies.se\\\/en\\\/#\\\/schema\\\/logo\\\/image\\\/\",\"url\":\"https:\\\/\\\/forfoodies.se\\\/wp-content\\\/uploads\\\/ForFoodies_green.png\",\"contentUrl\":\"https:\\\/\\\/forfoodies.se\\\/wp-content\\\/uploads\\\/ForFoodies_green.png\",\"width\":114,\"height\":108,\"caption\":\"Forfoodies.se\"},\"image\":{\"@id\":\"https:\\\/\\\/forfoodies.se\\\/en\\\/#\\\/schema\\\/logo\\\/image\\\/\"},\"sameAs\":[\"https:\\\/\\\/www.facebook.com\\\/forfoodies.se\\\/\",\"https:\\\/\\\/www.instagram.com\\\/forfoodies.se\\\/\"]}]}<\/script>\n<!-- \/ Yoast SEO plugin. -->","yoast_head_json":{"title":"Cookies - forfoodies.se","robots":{"index":"index","follow":"follow","max-snippet":"max-snippet:-1","max-image-preview":"max-image-preview:large","max-video-preview":"max-video-preview:-1"},"canonical":"https:\/\/forfoodies.se\/en\/cookies\/","og_locale":"en_GB","og_type":"article","og_title":"Cookies - forfoodies.se","og_description":"Om cookiesVi anv\u00e4nder cookies f\u00f6r att identifiera anv\u00e4ndare som unika men anonyma individer. Det hj\u00e4lper oss att registrera antalet bes\u00f6kare samt ger oss statistik och information om hur m\u00e5nga anv\u00e4ndare vi har p\u00e5 sidan och vad de g\u00f6r. Vi anv\u00e4nder \u00e4ven cookies f\u00f6r att komma ih\u00e5g inst\u00e4llningar som anv\u00e4ndaren g\u00f6r. Exempel p\u00e5 vad vi anv\u00e4nder [&hellip;]","og_url":"https:\/\/forfoodies.se\/en\/cookies\/","og_site_name":"forfoodies.se","article_publisher":"https:\/\/www.facebook.com\/forfoodies.se\/","article_modified_time":"2020-10-23T11:58:54+00:00","og_image":[{"width":800,"height":758,"url":"https:\/\/forfoodies.se\/wp-content\/uploads\/ForFoodies_green-1.png","type":"image\/png"}],"twitter_card":"summary_large_image","twitter_misc":{"Estimated reading time":"1 minute"},"schema":{"@context":"https:\/\/schema.org","@graph":[{"@type":"WebPage","@id":"https:\/\/forfoodies.se\/en\/cookies\/","url":"https:\/\/forfoodies.se\/en\/cookies\/","name":"Cookies - forfoodies.se","isPartOf":{"@id":"https:\/\/forfoodies.se\/en\/#website"},"datePublished":"2020-10-07T10:16:36+00:00","dateModified":"2020-10-23T11:58:54+00:00","breadcrumb":{"@id":"https:\/\/forfoodies.se\/en\/cookies\/#breadcrumb"},"inLanguage":"en-GB","potentialAction":[{"@type":"ReadAction","target":["https:\/\/forfoodies.se\/en\/cookies\/"]}]},{"@type":"BreadcrumbList","@id":"https:\/\/forfoodies.se\/en\/cookies\/#breadcrumb","itemListElement":[{"@type":"ListItem","position":1,"name":"Hem","item":"https:\/\/forfoodies.se\/"},{"@type":"ListItem","position":2,"name":"Cookies"}]},{"@type":"WebSite","@id":"https:\/\/forfoodies.se\/en\/#website","url":"https:\/\/forfoodies.se\/en\/","name":"forfoodies.se","description":"","publisher":{"@id":"https:\/\/forfoodies.se\/en\/#organization"},"potentialAction":[{"@type":"SearchAction","target":{"@type":"EntryPoint","urlTemplate":"https:\/\/forfoodies.se\/en\/?s={search_term_string}"},"query-input":{"@type":"PropertyValueSpecification","valueRequired":true,"valueName":"search_term_string"}}],"inLanguage":"en-GB"},{"@type":"Organization","@id":"https:\/\/forfoodies.se\/en\/#organization","name":"Forfoodies.se","url":"https:\/\/forfoodies.se\/en\/","logo":{"@type":"ImageObject","inLanguage":"en-GB","@id":"https:\/\/forfoodies.se\/en\/#\/schema\/logo\/image\/","url":"https:\/\/forfoodies.se\/wp-content\/uploads\/ForFoodies_green.png","contentUrl":"https:\/\/forfoodies.se\/wp-content\/uploads\/ForFoodies_green.png","width":114,"height":108,"caption":"Forfoodies.se"},"image":{"@id":"https:\/\/forfoodies.se\/en\/#\/schema\/logo\/image\/"},"sameAs":["https:\/\/www.facebook.com\/forfoodies.se\/","https:\/\/www.instagram.com\/forfoodies.se\/"]}]}},"_links":{"self":[{"href":"https:\/\/forfoodies.se\/en\/wp-json\/wp\/v2\/pages\/1627","targetHints":{"allow":["GET"]}}],"collection":[{"href":"https:\/\/forfoodies.se\/en\/wp-json\/wp\/v2\/pages"}],"about":[{"href":"https:\/\/forfoodies.se\/en\/wp-json\/wp\/v2\/types\/page"}],"author":[{"embeddable":true,"href":"https:\/\/forfoodies.se\/en\/wp-json\/wp\/v2\/users\/2"}],"replies":[{"embeddable":true,"href":"https:\/\/forfoodies.se\/en\/wp-json\/wp\/v2\/comments?post=1627"}],"version-history":[{"count":0,"href":"https:\/\/forfoodies.se\/en\/wp-json\/wp\/v2\/pages\/1627\/revisions"}],"wp:attachment":[{"href":"https:\/\/forfoodies.se\/en\/wp-json\/wp\/v2\/media?parent=1627"}],"curies":[{"name":"wp","href":"https:\/\/api.w.org\/{rel}","templated":true}]}}